{"id":5102,"date":"2023-09-15T06:52:59","date_gmt":"2023-09-15T06:52:59","guid":{"rendered":"https:\/\/clickteller.com\/vaka-calismalari\/"},"modified":"2024-07-19T07:54:30","modified_gmt":"2024-07-19T07:54:30","slug":"vaka-calismalari","status":"publish","type":"page","link":"https:\/\/clickteller.com\/tr\/vaka-calismalari\/","title":{"rendered":"Vaka \u00c7al\u0131\u015fmalar\u0131"},"content":{"rendered":"<p>[et_pb_section fb_built=&#8221;1&#8243; custom_padding_last_edited=&#8221;on|desktop&#8221; next_background_color=&#8221;#ffffff&#8221; admin_label=&#8221;Header&#8221; _builder_version=&#8221;4.26.0&#8243; parallax=&#8221;on&#8221; custom_padding=&#8221;7vw||10vw||false|false&#8221; custom_padding_tablet=&#8221;100px||100px||true&#8221; custom_padding_phone=&#8221;||||true&#8221; bottom_divider_style=&#8221;ramp2&#8243; bottom_divider_height=&#8221;250px&#8221; bottom_divider_flip=&#8221;horizontal&#8221; bottom_divider_height_tablet=&#8221;150px&#8221; bottom_divider_height_phone=&#8221;110px&#8221; bottom_divider_height_last_edited=&#8221;on|phone&#8221; hover_enabled=&#8221;0&#8243; saved_tabs=&#8221;all&#8221; global_colors_info=&#8221;{%22gcid-823a1efa-990f-4096-b23e-b1275ee18fd9%22:%91%22background_color%22%93}&#8221; background_color=&#8221;gcid-823a1efa-990f-4096-b23e-b1275ee18fd9&#8243; background_enable_image=&#8221;off&#8221; sticky_enabled=&#8221;0&#8243;][et_pb_row _builder_version=&#8221;4.16&#8243; global_colors_info=&#8221;{}&#8221;][et_pb_column type=&#8221;4_4&#8243; _builder_version=&#8221;4.16&#8243; custom_padding=&#8221;|||&#8221; global_colors_info=&#8221;{}&#8221; custom_padding__hover=&#8221;|||&#8221;][et_pb_text _builder_version=&#8221;4.16&#8243; text_font=&#8221;Roboto||||||||&#8221; text_font_size=&#8221;16px&#8221; text_line_height=&#8221;1.8em&#8221; header_font=&#8221;Roboto|700|||||||&#8221; header_text_align=&#8221;center&#8221; header_font_size=&#8221;80px&#8221; header_line_height=&#8221;1.2em&#8221; header_3_font=&#8221;Roboto|700||on|||||&#8221; header_3_text_align=&#8221;center&#8221; header_3_text_color=&#8221;#ffffff&#8221; header_3_font_size=&#8221;24px&#8221; header_3_letter_spacing=&#8221;10px&#8221; header_3_line_height=&#8221;2em&#8221; text_orientation=&#8221;center&#8221; background_layout=&#8221;dark&#8221; module_alignment=&#8221;center&#8221; text_font_size_last_edited=&#8221;off|desktop&#8221; header_font_size_tablet=&#8221;40px&#8221; header_font_size_phone=&#8221;32px&#8221; header_font_size_last_edited=&#8221;on|phone&#8221; header_3_font_size_tablet=&#8221;16px&#8221; header_3_font_size_phone=&#8221;14px&#8221; header_3_font_size_last_edited=&#8221;on|phone&#8221; header_3_letter_spacing_tablet=&#8221;5px&#8221; header_3_letter_spacing_phone=&#8221;&#8221; header_3_letter_spacing_last_edited=&#8221;on|tablet&#8221; global_colors_info=&#8221;{}&#8221;]<\/p>\n<h3>B\u0130Z\u0130M \u0130\u015e\u0130M\u0130Z<\/h3>\n<h1>Vaka \u00c7al\u0131\u015fmalar\u0131<\/h1>\n<p>[\/et_pb_text][\/et_pb_column][\/et_pb_row][\/et_pb_section][et_pb_section fb_built=&#8221;1&#8243; admin_label=&#8221;Projects&#8221; _builder_version=&#8221;4.16&#8243; custom_margin=&#8221;|||&#8221; custom_padding=&#8221;80px||80px||true|false&#8221; global_colors_info=&#8221;{}&#8221;][et_pb_row column_structure=&#8221;1_2,1_2&#8243; _builder_version=&#8221;4.16&#8243; custom_margin=&#8221;|||&#8221; custom_margin_tablet=&#8221;|||&#8221; custom_margin_phone=&#8221;|||&#8221; custom_margin_last_edited=&#8221;off|desktop&#8221; global_colors_info=&#8221;{}&#8221;][et_pb_column type=&#8221;1_2&#8243; _builder_version=&#8221;4.16&#8243; custom_padding=&#8221;|||&#8221; global_colors_info=&#8221;{}&#8221; custom_padding__hover=&#8221;|||&#8221;][et_pb_blurb title=&#8221;Ernst &#038; Young&#8221; url=&#8221;@ET-DC@eyJkeW5hbWljIjp0cnVlLCJjb250ZW50IjoicG9zdF9saW5rX3VybF9wYWdlIiwic2V0dGluZ3MiOnsicG9zdF9pZCI6IjU1NzQiLCJlbmFibGVfaHRtbCI6Im9mZiJ9fQ==@&#8221; image=&#8221;https:\/\/clickteller.com\/wp-content\/uploads\/2023\/10\/ey.webp&#8221; _builder_version=&#8221;4.18.0&#8243; _dynamic_attributes=&#8221;url,link_option_url&#8221; header_font=&#8221;Roboto|700|||||||&#8221; header_font_size=&#8221;18px&#8221; header_line_height=&#8221;1.7em&#8221; body_font=&#8221;||||||||&#8221; body_font_size=&#8221;16px&#8221; body_line_height=&#8221;2em&#8221; animation_style=&#8221;zoom&#8221; animation_intensity_zoom=&#8221;10%&#8221; animation=&#8221;off&#8221; link_option_url=&#8221;@ET-DC@eyJkeW5hbWljIjp0cnVlLCJjb250ZW50IjoicG9zdF9saW5rX3VybF9wYWdlIiwic2V0dGluZ3MiOnsicG9zdF9pZCI6IjU1NzQiLCJlbmFibGVfaHRtbCI6Im9mZiJ9fQ==@&#8221; border_radii=&#8221;on|10px|10px|10px|10px&#8221; border_radii_image=&#8221;on|10px|10px|10px|10px&#8221; box_shadow_style_image=&#8221;preset1&#8243; box_shadow_blur_image=&#8221;70px&#8221; box_shadow_color_image=&#8221;rgba(110,130,208,0.18)&#8221; global_colors_info=&#8221;{}&#8221;]<\/p>\n<p><span>ClickTeller&#8217;\u0131n stratejik dijital pazarlama uzmanl\u0131\u011f\u0131n\u0131n \u00e7evrimi\u00e7i varl\u0131\u011f\u0131nda \u00f6nemli bir d\u00f6n\u00fc\u015f\u00fcm\u00fc ate\u015fledi\u011fi EY ile olan i\u015fbirli\u011fimizin dikkat \u00e7ekici yolculu\u011funu ke\u015ffedin. Bu vaka \u00e7al\u0131\u015fmas\u0131nda, EY&#8217;nin T\u00fcrkiye pazar\u0131nda sekt\u00f6r lideri konumunu sa\u011flamla\u015ft\u0131ran zorluklar\u0131, stratejileri ve dikkate de\u011fer sonu\u00e7lar\u0131 inceliyoruz.<\/span><\/p>\n<p>[\/et_pb_blurb][\/et_pb_column][et_pb_column type=&#8221;1_2&#8243; _builder_version=&#8221;4.16&#8243; custom_padding=&#8221;|||&#8221; global_colors_info=&#8221;{}&#8221; custom_padding__hover=&#8221;|||&#8221;][et_pb_blurb title=&#8221;Valorant&#8221; url=&#8221;@ET-DC@eyJkeW5hbWljIjp0cnVlLCJjb250ZW50IjoicG9zdF9saW5rX3VybF9wYWdlIiwic2V0dGluZ3MiOnsicG9zdF9pZCI6IjU1ODciLCJlbmFibGVfaHRtbCI6Im9mZiJ9fQ==@&#8221; image=&#8221;https:\/\/clickteller.com\/wp-content\/uploads\/2023\/10\/valorant.webp&#8221; _builder_version=&#8221;4.18.0&#8243; _dynamic_attributes=&#8221;url,link_option_url&#8221; header_font=&#8221;Roboto|700|||||||&#8221; header_font_size=&#8221;18px&#8221; header_line_height=&#8221;1.7em&#8221; body_font=&#8221;||||||||&#8221; body_font_size=&#8221;16px&#8221; body_line_height=&#8221;2em&#8221; animation_style=&#8221;zoom&#8221; animation_intensity_zoom=&#8221;10%&#8221; animation=&#8221;off&#8221; link_option_url=&#8221;@ET-DC@eyJkeW5hbWljIjp0cnVlLCJjb250ZW50IjoicG9zdF9saW5rX3VybF9wYWdlIiwic2V0dGluZ3MiOnsicG9zdF9pZCI6IjU1ODciLCJlbmFibGVfaHRtbCI6Im9mZiJ9fQ==@&#8221; border_radii=&#8221;on|10px|10px|10px|10px&#8221; border_radii_image=&#8221;on|10px|10px|10px|10px&#8221; box_shadow_style_image=&#8221;preset1&#8243; box_shadow_blur_image=&#8221;70px&#8221; box_shadow_color_image=&#8221;rgba(110,130,208,0.18)&#8221; global_colors_info=&#8221;{}&#8221;]<\/p>\n<p>Yenilik ve yarat\u0131c\u0131l\u0131\u011f\u0131n bir araya gelerek bir pazarlama harikas\u0131 yaratt\u0131\u011f\u0131 Dinamik Biti\u015f Kart\u0131 kampanyas\u0131yla birlikte Valorant&#8217;\u0131n b\u00fcy\u00fcleyici yolculu\u011funa dal\u0131n. Bu ayd\u0131nlat\u0131c\u0131 vaka \u00e7al\u0131\u015fmas\u0131nda, yaln\u0131zca Valorant&#8217;\u0131n konumunu yeniden tan\u0131mlamakla kalmay\u0131p ayn\u0131 zamanda oyun end\u00fcstrisinde yeni \u00f6l\u00e7\u00fctler belirleyen arka plan\u0131, kampanya stratejisini ve oyunun kurallar\u0131n\u0131 de\u011fi\u015ftiren sonu\u00e7lar\u0131 inceliyoruz.<\/p>\n<p>[\/et_pb_blurb][\/et_pb_column][\/et_pb_row][et_pb_row column_structure=&#8221;1_2,1_2&#8243; _builder_version=&#8221;4.16&#8243; custom_margin=&#8221;|||&#8221; custom_margin_tablet=&#8221;|||&#8221; custom_margin_phone=&#8221;|||&#8221; custom_margin_last_edited=&#8221;off|desktop&#8221; global_colors_info=&#8221;{}&#8221;][et_pb_column type=&#8221;1_2&#8243; _builder_version=&#8221;4.16&#8243; custom_padding=&#8221;|||&#8221; global_colors_info=&#8221;{}&#8221; custom_padding__hover=&#8221;|||&#8221;][et_pb_blurb title=&#8221;Bayam Jewelry&#8221; url=&#8221;@ET-DC@eyJkeW5hbWljIjp0cnVlLCJjb250ZW50IjoicG9zdF9saW5rX3VybF9wYWdlIiwic2V0dGluZ3MiOnsicG9zdF9pZCI6IjU2MDUiLCJlbmFibGVfaHRtbCI6Im9mZiJ9fQ==@&#8221; image=&#8221;https:\/\/clickteller.com\/wp-content\/uploads\/2023\/10\/bayam-jewelry.webp&#8221; _builder_version=&#8221;4.18.0&#8243; _dynamic_attributes=&#8221;link_option_url,url&#8221; header_font=&#8221;Roboto|700|||||||&#8221; header_font_size=&#8221;18px&#8221; header_line_height=&#8221;1.7em&#8221; body_font=&#8221;||||||||&#8221; body_font_size=&#8221;16px&#8221; body_line_height=&#8221;2em&#8221; animation_style=&#8221;zoom&#8221; animation_intensity_zoom=&#8221;10%&#8221; animation=&#8221;off&#8221; link_option_url=&#8221;@ET-DC@eyJkeW5hbWljIjp0cnVlLCJjb250ZW50IjoicG9zdF9saW5rX3VybF9wYWdlIiwic2V0dGluZ3MiOnsicG9zdF9pZCI6IjU2MDUiLCJlbmFibGVfaHRtbCI6Im9mZiJ9fQ==@&#8221; border_radii=&#8221;on|10px|10px|10px|10px&#8221; border_radii_image=&#8221;on|10px|10px|10px|10px&#8221; box_shadow_style_image=&#8221;preset1&#8243; box_shadow_blur_image=&#8221;70px&#8221; box_shadow_color_image=&#8221;rgba(110,130,208,0.18)&#8221; global_colors_info=&#8221;{}&#8221;]Dijital pazarlama ajans\u0131m\u0131z, ABD&#8217;nin \u00f6nde gelen m\u00fccevher markas\u0131 Bayam Jewelry ile stratejik i\u015fbirli\u011fi yaparak \u00e7evrimi\u00e7i varl\u0131klar\u0131n\u0131 ve gelir ak\u0131\u015flar\u0131n\u0131 canland\u0131rmak i\u00e7in d\u00f6n\u00fc\u015ft\u00fcr\u00fcc\u00fc bir yolculu\u011fa \u00e7\u0131kt\u0131. Bu \u00f6rnek olay \u00e7al\u0131\u015fmas\u0131, ortak \u00e7abalar\u0131m\u0131zdan do\u011fan b\u00fcy\u00fck ba\u015far\u0131ya \u0131\u015f\u0131k tutuyor ve \u00e7evrimi\u00e7i g\u00f6r\u00fcn\u00fcrl\u00fck, marka g\u00f6r\u00fcn\u00fcrl\u00fc\u011f\u00fc ve gelirde \u00f6nemli bir art\u0131\u015f oldu\u011funu ortaya koyuyor.[\/et_pb_blurb][\/et_pb_column][et_pb_column type=&#8221;1_2&#8243; _builder_version=&#8221;4.16&#8243; custom_padding=&#8221;|||&#8221; global_colors_info=&#8221;{}&#8221; custom_padding__hover=&#8221;|||&#8221;][et_pb_blurb title=&#8221;Nusr-Et USA&#8221; url=&#8221;@ET-DC@eyJkeW5hbWljIjp0cnVlLCJjb250ZW50IjoicG9zdF9saW5rX3VybF9wYWdlIiwic2V0dGluZ3MiOnsicG9zdF9pZCI6IjU1OTkiLCJlbmFibGVfaHRtbCI6Im9mZiJ9fQ==@&#8221; image=&#8221;https:\/\/clickteller.com\/wp-content\/uploads\/2023\/10\/nusr-et-usa.webp&#8221; _builder_version=&#8221;4.18.0&#8243; _dynamic_attributes=&#8221;url,link_option_url&#8221; header_font=&#8221;Roboto|700|||||||&#8221; header_font_size=&#8221;18px&#8221; header_line_height=&#8221;1.7em&#8221; body_font=&#8221;||||||||&#8221; body_font_size=&#8221;16px&#8221; body_line_height=&#8221;2em&#8221; animation_style=&#8221;zoom&#8221; animation_intensity_zoom=&#8221;10%&#8221; animation=&#8221;off&#8221; link_option_url=&#8221;@ET-DC@eyJkeW5hbWljIjp0cnVlLCJjb250ZW50IjoicG9zdF9saW5rX3VybF9wYWdlIiwic2V0dGluZ3MiOnsicG9zdF9pZCI6IjU1OTkiLCJlbmFibGVfaHRtbCI6Im9mZiJ9fQ==@&#8221; border_radii=&#8221;on|10px|10px|10px|10px&#8221; border_radii_image=&#8221;on|10px|10px|10px|10px&#8221; box_shadow_style_image=&#8221;preset1&#8243; box_shadow_blur_image=&#8221;70px&#8221; box_shadow_color_image=&#8221;rgba(110,130,208,0.18)&#8221; global_colors_info=&#8221;{}&#8221;]<\/p>\n<p><span>Dijital pazarlama ajans\u0131m\u0131z, Nusr-Et Steakhouse ile dinamik bir i\u015fbirli\u011fi i\u00e7inde, restoran zincirinin ABD&#8217;deki \u015fubelerine \u00f6zel kapsaml\u0131 bir \u00e7evrimi\u00e7i pazarlama kampanyas\u0131 d\u00fczenledi. Sosyal medya platformlar\u0131n\u0131 denetleyerek, stratejik \u00fccretli reklam kampanyalar\u0131n\u0131 y\u00f6neterek ve kullan\u0131c\u0131 odakl\u0131 bir web sitesi geli\u015ftirerek Nusr-Et&#8217;in \u00e7evrimi\u00e7i varl\u0131\u011f\u0131na yeni bir soluk getirdik.<\/span><\/p>\n<p>[\/et_pb_blurb][\/et_pb_column][\/et_pb_row][\/et_pb_section][et_pb_section fb_built=&#8221;1&#8243; custom_padding_last_edited=&#8221;on|desktop&#8221; prev_background_color=&#8221;#ffffff&#8221; admin_label=&#8221;Footer&#8221; _builder_version=&#8221;4.26.0&#8243; parallax=&#8221;on&#8221; custom_padding=&#8221;10vw||7vw||false|false&#8221; custom_padding_tablet=&#8221;100px||100px||true&#8221; custom_padding_phone=&#8221;||||true&#8221; top_divider_style=&#8221;ramp2&#8243; top_divider_height=&#8221;250px&#8221; top_divider_flip=&#8221;vertical&#8221; top_divider_height_tablet=&#8221;150px&#8221; top_divider_height_phone=&#8221;110px&#8221; top_divider_height_last_edited=&#8221;on|phone&#8221; hover_enabled=&#8221;0&#8243; saved_tabs=&#8221;all&#8221; global_colors_info=&#8221;{%22gcid-823a1efa-990f-4096-b23e-b1275ee18fd9%22:%91%22background_color%22%93}&#8221; background_enable_image=&#8221;off&#8221; background_color=&#8221;gcid-823a1efa-990f-4096-b23e-b1275ee18fd9&#8243; sticky_enabled=&#8221;0&#8243;][et_pb_row module_class=&#8221; et_pb_row_fullwidth&#8221; _builder_version=&#8221;4.16&#8243; width=&#8221;89%&#8221; width_tablet=&#8221;80%&#8221; width_phone=&#8221;80%&#8221; width_last_edited=&#8221;on|desktop&#8221; max_width=&#8221;89%&#8221; max_width_tablet=&#8221;80%&#8221; max_width_phone=&#8221;80%&#8221; max_width_last_edited=&#8221;on|desktop&#8221; custom_margin_phone=&#8221;|||&#8221; custom_margin_last_edited=&#8221;off|desktop&#8221; custom_padding=&#8221;|||&#8221; make_fullwidth=&#8221;on&#8221; locked=&#8221;off&#8221; global_colors_info=&#8221;{}&#8221;][et_pb_column type=&#8221;4_4&#8243; _builder_version=&#8221;4.16&#8243; custom_padding=&#8221;|||&#8221; global_colors_info=&#8221;{}&#8221; custom_padding__hover=&#8221;|||&#8221;][et_pb_text _builder_version=&#8221;4.26.0&#8243; text_font=&#8221;||||||||&#8221; header_font=&#8221;||||||||&#8221; header_2_font=&#8221;Roboto|700|||||||&#8221; header_2_font_size=&#8221;50px&#8221; header_2_line_height=&#8221;1.4em&#8221; header_3_font=&#8221;Roboto|700||on|||||&#8221; header_3_text_align=&#8221;center&#8221; header_3_text_color=&#8221;#ffffff&#8221; header_3_font_size=&#8221;24px&#8221; header_3_letter_spacing=&#8221;5px&#8221; header_3_line_height=&#8221;2em&#8221; text_orientation=&#8221;center&#8221; background_layout=&#8221;dark&#8221; max_width=&#8221;850px&#8221; module_alignment=&#8221;center&#8221; custom_margin=&#8221;|||&#8221; custom_padding=&#8221;|||&#8221; hover_enabled=&#8221;0&#8243; text_font_size_last_edited=&#8221;off|desktop&#8221; header_2_font_size_tablet=&#8221;40px&#8221; header_2_font_size_phone=&#8221;32px&#8221; header_2_font_size_last_edited=&#8221;on|desktop&#8221; header_3_font_size_tablet=&#8221;16px&#8221; header_3_font_size_phone=&#8221;14px&#8221; header_3_font_size_last_edited=&#8221;on|phone&#8221; global_colors_info=&#8221;{}&#8221; sticky_enabled=&#8221;0&#8243;]<\/p>\n<h3>Hayd\u0130 Ba\u015flayal\u0131m<\/h3>\n<h2>Akl\u0131n\u0131zda bir proje var m\u0131? Bu \u015eeyi Birlikte \u0130n\u015fa Edelim!<\/h2>\n<p>[\/et_pb_text][et_pb_button button_text=&#8221;\u00dccrets\u0130z B\u0130r Toplant\u0131 Ayarlay\u0131n&#8221; button_alignment=&#8221;center&#8221; _builder_version=&#8221;4.26.0&#8243; custom_button=&#8221;on&#8221; button_text_size=&#8221;14px&#8221; button_text_color=&#8221;#FFFFFF&#8221; button_border_width=&#8221;0px&#8221; button_border_color=&#8221;rgba(0,0,0,0)&#8221; button_border_radius=&#8221;10px&#8221; button_letter_spacing=&#8221;5px&#8221; button_font=&#8221;|700||on|||||&#8221; background_layout=&#8221;dark&#8221; custom_margin=&#8221;|||&#8221; custom_padding=&#8221;18px|34px|18px|34px|true|true&#8221; hover_enabled=&#8221;0&#8243; button_letter_spacing_hover=&#8221;5.5px&#8221; global_colors_info=&#8221;{%22gcid-2ed7c22a-24f5-4845-874b-377aebaf3ffa%22:%91%22button_bg_color%22%93}&#8221; button_text_size__hover_enabled=&#8221;off&#8221; button_one_text_size__hover_enabled=&#8221;off&#8221; button_two_text_size__hover_enabled=&#8221;off&#8221; button_text_color__hover_enabled=&#8221;off&#8221; button_one_text_color__hover_enabled=&#8221;off&#8221; button_two_text_color__hover_enabled=&#8221;off&#8221; button_border_width__hover_enabled=&#8221;off&#8221; button_one_border_width__hover_enabled=&#8221;off&#8221; button_two_border_width__hover_enabled=&#8221;off&#8221; button_border_color__hover_enabled=&#8221;off&#8221; button_one_border_color__hover_enabled=&#8221;off&#8221; button_two_border_color__hover_enabled=&#8221;off&#8221; button_border_radius__hover_enabled=&#8221;off&#8221; button_one_border_radius__hover_enabled=&#8221;off&#8221; button_two_border_radius__hover_enabled=&#8221;off&#8221; button_letter_spacing__hover_enabled=&#8221;on&#8221; button_letter_spacing__hover=&#8221;5.5px&#8221; button_one_letter_spacing__hover_enabled=&#8221;off&#8221; button_two_letter_spacing__hover_enabled=&#8221;off&#8221; button_bg_color__hover_enabled=&#8221;off&#8221; button_one_bg_color__hover_enabled=&#8221;off&#8221; button_two_bg_color__hover_enabled=&#8221;off&#8221; button_bg_color=&#8221;gcid-2ed7c22a-24f5-4845-874b-377aebaf3ffa&#8221; button_bg_enable_color=&#8221;on&#8221; sticky_enabled=&#8221;0&#8243;][\/et_pb_button][\/et_pb_column][\/et_pb_row][\/et_pb_section]<\/p>\n","protected":false},"excerpt":{"rendered":"<p>B\u0130Z\u0130M \u0130\u015e\u0130M\u0130Z Vaka \u00c7al\u0131\u015fmalar\u0131ClickTeller&#8217;\u0131n stratejik dijital pazarlama uzmanl\u0131\u011f\u0131n\u0131n \u00e7evrimi\u00e7i varl\u0131\u011f\u0131nda \u00f6nemli bir d\u00f6n\u00fc\u015f\u00fcm\u00fc ate\u015fledi\u011fi EY ile olan i\u015fbirli\u011fimizin dikkat \u00e7ekici yolculu\u011funu ke\u015ffedin. Bu vaka \u00e7al\u0131\u015fmas\u0131nda, EY&#8217;nin T\u00fcrkiye pazar\u0131nda sekt\u00f6r lideri konumunu sa\u011flamla\u015ft\u0131ran zorluklar\u0131, stratejileri ve dikkate de\u011fer sonu\u00e7lar\u0131 inceliyoruz.Yenilik ve yarat\u0131c\u0131l\u0131\u011f\u0131n bir araya gelerek bir pazarlama harikas\u0131 yaratt\u0131\u011f\u0131 Dinamik Biti\u015f Kart\u0131 kampanyas\u0131yla birlikte Valorant&#8217;\u0131n b\u00fcy\u00fcleyici [&hellip;]<\/p>\n","protected":false},"author":11,"featured_media":0,"parent":0,"menu_order":0,"comment_status":"closed","ping_status":"closed","template":"","meta":{"_et_pb_use_builder":"on","_et_pb_old_content":"","_et_gb_content_width":"","footnotes":""},"class_list":["post-5102","page","type-page","status-publish","hentry"],"aioseo_notices":[],"_links":{"self":[{"href":"https:\/\/clickteller.com\/tr\/wp-json\/wp\/v2\/pages\/5102","targetHints":{"allow":["GET"]}}],"collection":[{"href":"https:\/\/clickteller.com\/tr\/wp-json\/wp\/v2\/pages"}],"about":[{"href":"https:\/\/clickteller.com\/tr\/wp-json\/wp\/v2\/types\/page"}],"author":[{"embeddable":true,"href":"https:\/\/clickteller.com\/tr\/wp-json\/wp\/v2\/users\/11"}],"replies":[{"embeddable":true,"href":"https:\/\/clickteller.com\/tr\/wp-json\/wp\/v2\/comments?post=5102"}],"version-history":[{"count":5,"href":"https:\/\/clickteller.com\/tr\/wp-json\/wp\/v2\/pages\/5102\/revisions"}],"predecessor-version":[{"id":5885,"href":"https:\/\/clickteller.com\/tr\/wp-json\/wp\/v2\/pages\/5102\/revisions\/5885"}],"wp:attachment":[{"href":"https:\/\/clickteller.com\/tr\/wp-json\/wp\/v2\/media?parent=5102"}],"curies":[{"name":"wp","href":"https:\/\/api.w.org\/{rel}","templated":true}]}}