{"id":5131,"date":"2023-09-06T05:52:25","date_gmt":"2023-09-06T05:52:25","guid":{"rendered":"https:\/\/clickteller.com\/ucretsiz-danismanlik\/"},"modified":"2025-05-21T11:46:23","modified_gmt":"2025-05-21T11:46:23","slug":"ucretsiz-danismanlik","status":"publish","type":"page","link":"https:\/\/clickteller.com\/tr\/ucretsiz-danismanlik\/","title":{"rendered":"\u00dccretsiz Dan\u0131\u015fmanl\u0131k"},"content":{"rendered":"<p>[et_pb_section fb_built=&#8221;1&#8243; custom_padding_last_edited=&#8221;on|desktop&#8221; next_background_color=&#8221;#ffffff&#8221; admin_label=&#8221;Header&#8221; _builder_version=&#8221;4.16&#8243; use_background_color_gradient=&#8221;on&#8221; background_color_gradient_direction=&#8221;130deg&#8221; background_color_gradient_stops=&#8221;#352597 0%|#8686FF 100%&#8221; background_color_gradient_start=&#8221;#352597&#8243; background_color_gradient_end=&#8221;#8686FF&#8221; background_image=&#8221;https:\/\/clickteller.com\/wp-content\/uploads\/2022\/09\/marketing-bg8.png&#8221; parallax=&#8221;on&#8221; custom_padding=&#8221;7vw||10vw||false|false&#8221; custom_padding_tablet=&#8221;100px||100px||true&#8221; custom_padding_phone=&#8221;||||true&#8221; bottom_divider_style=&#8221;ramp2&#8243; bottom_divider_height=&#8221;250px&#8221; bottom_divider_height_tablet=&#8221;150px&#8221; bottom_divider_height_phone=&#8221;110px&#8221; bottom_divider_height_last_edited=&#8221;on|phone&#8221; saved_tabs=&#8221;all&#8221; global_colors_info=&#8221;{}&#8221;][et_pb_row _builder_version=&#8221;4.16&#8243; global_colors_info=&#8221;{}&#8221;][et_pb_column type=&#8221;4_4&#8243; _builder_version=&#8221;4.16&#8243; custom_padding=&#8221;|||&#8221; global_colors_info=&#8221;{}&#8221; custom_padding__hover=&#8221;|||&#8221;][et_pb_text _builder_version=&#8221;4.18.0&#8243; text_font=&#8221;Roboto||||||||&#8221; text_font_size=&#8221;16px&#8221; text_line_height=&#8221;1.8em&#8221; header_font=&#8221;Roboto|700|||||||&#8221; header_text_align=&#8221;center&#8221; header_font_size=&#8221;80px&#8221; header_line_height=&#8221;1.2em&#8221; header_3_font=&#8221;Roboto|700||on|||||&#8221; header_3_text_align=&#8221;center&#8221; header_3_text_color=&#8221;#ffffff&#8221; header_3_font_size=&#8221;24px&#8221; header_3_letter_spacing=&#8221;10px&#8221; header_3_line_height=&#8221;2em&#8221; text_orientation=&#8221;center&#8221; background_layout=&#8221;dark&#8221; module_alignment=&#8221;center&#8221; text_font_size_last_edited=&#8221;off|desktop&#8221; header_font_size_tablet=&#8221;40px&#8221; header_font_size_phone=&#8221;32px&#8221; header_font_size_last_edited=&#8221;on|phone&#8221; header_3_font_size_tablet=&#8221;16px&#8221; header_3_font_size_phone=&#8221;14px&#8221; header_3_font_size_last_edited=&#8221;on|phone&#8221; header_3_letter_spacing_tablet=&#8221;5px&#8221; header_3_letter_spacing_phone=&#8221;&#8221; header_3_letter_spacing_last_edited=&#8221;on|tablet&#8221; global_colors_info=&#8221;{}&#8221;]<\/p>\n<h2>Hizmetlerimiz<\/h2>\n<h1><b>\u00dccretsiz Dan\u0131\u015fmanl\u0131k<\/b><\/h1>\n<p>[\/et_pb_text][et_pb_text _builder_version=&#8221;4.18.0&#8243; text_font=&#8221;||||||||&#8221; text_font_size=&#8221;20px&#8221; text_line_height=&#8221;2em&#8221; ul_font=&#8221;||||||||&#8221; header_font=&#8221;Roboto|700|||||||&#8221; header_text_align=&#8221;center&#8221; header_font_size=&#8221;80px&#8221; header_line_height=&#8221;1.2em&#8221; header_3_font=&#8221;Roboto|700||on|||||&#8221; header_3_text_align=&#8221;center&#8221; header_3_text_color=&#8221;#ffffff&#8221; header_3_font_size=&#8221;24px&#8221; header_3_letter_spacing=&#8221;10px&#8221; header_3_line_height=&#8221;2em&#8221; text_orientation=&#8221;center&#8221; background_layout=&#8221;dark&#8221; max_width=&#8221;800px&#8221; module_alignment=&#8221;center&#8221; text_font_size_last_edited=&#8221;off|desktop&#8221; header_font_size_tablet=&#8221;40px&#8221; header_font_size_phone=&#8221;32px&#8221; header_font_size_last_edited=&#8221;on|phone&#8221; header_3_font_size_tablet=&#8221;16px&#8221; header_3_font_size_phone=&#8221;14px&#8221; header_3_font_size_last_edited=&#8221;on|phone&#8221; header_3_letter_spacing_tablet=&#8221;5px&#8221; header_3_letter_spacing_phone=&#8221;&#8221; header_3_letter_spacing_last_edited=&#8221;on|tablet&#8221; global_colors_info=&#8221;{}&#8221;]<\/p>\n<h2><b>Ka\u00e7\u0131rmay\u0131n!<\/b><\/h2>\n<p><span style=\"font-weight: 400;\">\u00dccretsiz Dan\u0131\u015fmanl\u0131k Seans\u0131n\u0131z \u0130\u00e7in Hemen Ba\u015fvurun<\/span><\/p>\n<p>[\/et_pb_text][\/et_pb_column][\/et_pb_row][\/et_pb_section][et_pb_section fb_built=&#8221;1&#8243; next_background_color=&#8221;#000000&#8243; _builder_version=&#8221;4.27.3&#8243; custom_padding=&#8221;0px|0px|0px|0px|true|false&#8221; bottom_divider_style=&#8221;waves2&#8243; bottom_divider_height=&#8221;600px&#8221; bottom_divider_repeat=&#8221;0.6x&#8221; bottom_divider_height_tablet=&#8221;220px&#8221; bottom_divider_height_phone=&#8221;160px&#8221; bottom_divider_height_last_edited=&#8221;on|phone&#8221; hover_enabled=&#8221;0&#8243; locked=&#8221;off&#8221; global_colors_info=&#8221;{}&#8221; sticky_enabled=&#8221;0&#8243;][et_pb_row _builder_version=&#8221;4.16&#8243; global_colors_info=&#8221;{}&#8221;][et_pb_column type=&#8221;4_4&#8243; _builder_version=&#8221;4.16&#8243; custom_padding=&#8221;|||&#8221; global_colors_info=&#8221;{}&#8221; custom_padding__hover=&#8221;|||&#8221;][et_pb_text _builder_version=&#8221;4.18.0&#8243; text_font=&#8221;||||||||&#8221; text_font_size=&#8221;16px&#8221; text_line_height=&#8221;2em&#8221; ul_font=&#8221;||||||||&#8221; header_font=&#8221;||||||||&#8221; header_2_font=&#8221;Roboto|700|||||||&#8221; header_2_font_size=&#8221;45px&#8221; header_2_line_height=&#8221;1.2em&#8221; header_3_font=&#8221;||||||||&#8221; max_width=&#8221;800px&#8221; max_width_last_edited=&#8221;off|desktop&#8221; custom_margin=&#8221;|||&#8221; custom_padding=&#8221;|||&#8221; header_2_font_size_tablet=&#8221;35px&#8221; header_2_font_size_phone=&#8221;28px&#8221; header_2_font_size_last_edited=&#8221;on|phone&#8221; global_colors_info=&#8221;{}&#8221;]<\/p>\n<h2>\u00dccretsiz Dan\u0131\u015fmanl\u0131k Seans\u0131n\u0131z\u0131 Rezerve Edin<\/h2>\n<p><span>Online pazarlama \u00e7al\u0131\u015fmalar\u0131n\u0131zda kendinizi kaybolmu\u015f veya bunalm\u0131\u015f m\u0131 hissediyorsunuz? Nereden ba\u015flayaca\u011f\u0131n\u0131zdan emin de\u011filseniz, kazanan bir strateji olu\u015fturmak i\u00e7in yard\u0131ma ihtiyac\u0131n\u0131z varsa veya kendinizi benzersiz bir zorlu\u011fun i\u00e7inde buluyorsan\u0131z, sizin i\u00e7in buraday\u0131z. En fazla 1 saat s\u00fcren \u00fccretsiz bir dan\u0131\u015fmanl\u0131k seans\u0131 talep edin ve uzmanlar\u0131m\u0131z\u0131n sizi ba\u015far\u0131ya do\u011fru y\u00f6nlendirmesine izin verin.<\/span><\/p>\n<p>[\/et_pb_text][\/et_pb_column][\/et_pb_row][et_pb_row _builder_version=&#8221;4.27.3&#8243; _module_preset=&#8221;default&#8221; hover_enabled=&#8221;0&#8243; global_colors_info=&#8221;{}&#8221; sticky_enabled=&#8221;0&#8243;][et_pb_column type=&#8221;4_4&#8243; _builder_version=&#8221;4.18.0&#8243; _module_preset=&#8221;default&#8221; global_colors_info=&#8221;{}&#8221;][wpforms_selector form_id=&#8221;6268&#8243; _builder_version=&#8221;4.27.3&#8243; _module_preset=&#8221;default&#8221; global_colors_info=&#8221;{}&#8221;][\/wpforms_selector][\/et_pb_column][\/et_pb_row][\/et_pb_section]<\/p>\n","protected":false},"excerpt":{"rendered":"<p>Hizmetlerimiz \u00dccretsiz Dan\u0131\u015fmanl\u0131kKa\u00e7\u0131rmay\u0131n! \u00dccretsiz Dan\u0131\u015fmanl\u0131k Seans\u0131n\u0131z \u0130\u00e7in Hemen Ba\u015fvurun\u00dccretsiz Dan\u0131\u015fmanl\u0131k Seans\u0131n\u0131z\u0131 Rezerve Edin Online pazarlama \u00e7al\u0131\u015fmalar\u0131n\u0131zda kendinizi kaybolmu\u015f veya bunalm\u0131\u015f m\u0131 hissediyorsunuz? Nereden ba\u015flayaca\u011f\u0131n\u0131zdan emin de\u011filseniz, kazanan bir strateji olu\u015fturmak i\u00e7in yard\u0131ma ihtiyac\u0131n\u0131z varsa veya kendinizi benzersiz bir zorlu\u011fun i\u00e7inde buluyorsan\u0131z, sizin i\u00e7in buraday\u0131z. En fazla 1 saat s\u00fcren \u00fccretsiz bir dan\u0131\u015fmanl\u0131k seans\u0131 talep edin [&hellip;]<\/p>\n","protected":false},"author":11,"featured_media":0,"parent":0,"menu_order":0,"comment_status":"closed","ping_status":"closed","template":"","meta":{"_et_pb_use_builder":"on","_et_pb_old_content":"","_et_gb_content_width":"","footnotes":""},"class_list":["post-5131","page","type-page","status-publish","hentry"],"aioseo_notices":[],"_links":{"self":[{"href":"https:\/\/clickteller.com\/tr\/wp-json\/wp\/v2\/pages\/5131","targetHints":{"allow":["GET"]}}],"collection":[{"href":"https:\/\/clickteller.com\/tr\/wp-json\/wp\/v2\/pages"}],"about":[{"href":"https:\/\/clickteller.com\/tr\/wp-json\/wp\/v2\/types\/page"}],"author":[{"embeddable":true,"href":"https:\/\/clickteller.com\/tr\/wp-json\/wp\/v2\/users\/11"}],"replies":[{"embeddable":true,"href":"https:\/\/clickteller.com\/tr\/wp-json\/wp\/v2\/comments?post=5131"}],"version-history":[{"count":6,"href":"https:\/\/clickteller.com\/tr\/wp-json\/wp\/v2\/pages\/5131\/revisions"}],"predecessor-version":[{"id":6278,"href":"https:\/\/clickteller.com\/tr\/wp-json\/wp\/v2\/pages\/5131\/revisions\/6278"}],"wp:attachment":[{"href":"https:\/\/clickteller.com\/tr\/wp-json\/wp\/v2\/media?parent=5131"}],"curies":[{"name":"wp","href":"https:\/\/api.w.org\/{rel}","templated":true}]}}