{"id":5631,"date":"2023-10-11T09:01:59","date_gmt":"2023-10-11T09:01:59","guid":{"rendered":"https:\/\/clickteller.com\/vaka-calismalari\/bayam-kuyumculuk-ornek-vaka-calismasi\/"},"modified":"2024-07-19T08:00:40","modified_gmt":"2024-07-19T08:00:40","slug":"bayam-kuyumculuk-ornek-vaka-calismasi","status":"publish","type":"page","link":"https:\/\/clickteller.com\/tr\/vaka-calismalari\/bayam-kuyumculuk-ornek-vaka-calismasi\/","title":{"rendered":"Bayam Kuyumculuk &#8211; \u00d6rnek Vaka \u00c7al\u0131\u015fmas\u0131"},"content":{"rendered":"<p>[et_pb_section fb_built=&#8221;1&#8243; custom_padding_last_edited=&#8221;on|desktop&#8221; next_background_color=&#8221;#ffffff&#8221; admin_label=&#8221;Header&#8221; _builder_version=&#8221;4.26.0&#8243; parallax=&#8221;on&#8221; custom_padding=&#8221;7vw||10vw||false|false&#8221; custom_padding_tablet=&#8221;100px||100px||true&#8221; custom_padding_phone=&#8221;||||true&#8221; bottom_divider_style=&#8221;ramp2&#8243; bottom_divider_height=&#8221;250px&#8221; bottom_divider_flip=&#8221;horizontal&#8221; bottom_divider_height_tablet=&#8221;150px&#8221; bottom_divider_height_phone=&#8221;110px&#8221; bottom_divider_height_last_edited=&#8221;on|phone&#8221; hover_enabled=&#8221;0&#8243; saved_tabs=&#8221;all&#8221; global_colors_info=&#8221;{%22gcid-823a1efa-990f-4096-b23e-b1275ee18fd9%22:%91%22background_color%22%93}&#8221; background_color=&#8221;gcid-823a1efa-990f-4096-b23e-b1275ee18fd9&#8243; background_enable_image=&#8221;off&#8221; sticky_enabled=&#8221;0&#8243;][et_pb_row _builder_version=&#8221;4.16&#8243; global_colors_info=&#8221;{}&#8221;][et_pb_column type=&#8221;4_4&#8243; _builder_version=&#8221;4.16&#8243; custom_padding=&#8221;|||&#8221; global_colors_info=&#8221;{}&#8221; custom_padding__hover=&#8221;|||&#8221;][et_pb_text _builder_version=&#8221;4.18.0&#8243; text_font=&#8221;Roboto||||||||&#8221; text_font_size=&#8221;16px&#8221; text_line_height=&#8221;1.8em&#8221; header_font=&#8221;Lato|700|||||||&#8221; header_text_align=&#8221;center&#8221; header_font_size=&#8221;80px&#8221; header_line_height=&#8221;1.2em&#8221; header_3_font=&#8221;Lato|700||on|||||&#8221; header_3_text_align=&#8221;center&#8221; header_3_text_color=&#8221;#ffffff&#8221; header_3_font_size=&#8221;24px&#8221; header_3_letter_spacing=&#8221;10px&#8221; header_3_line_height=&#8221;2em&#8221; text_orientation=&#8221;center&#8221; background_layout=&#8221;dark&#8221; module_alignment=&#8221;center&#8221; text_font_size_last_edited=&#8221;off|desktop&#8221; header_font_size_tablet=&#8221;40px&#8221; header_font_size_phone=&#8221;32px&#8221; header_font_size_last_edited=&#8221;on|phone&#8221; header_3_font_size_tablet=&#8221;16px&#8221; header_3_font_size_phone=&#8221;14px&#8221; header_3_font_size_last_edited=&#8221;on|phone&#8221; header_3_letter_spacing_tablet=&#8221;5px&#8221; header_3_letter_spacing_phone=&#8221;&#8221; header_3_letter_spacing_last_edited=&#8221;on|tablet&#8221; global_colors_info=&#8221;{}&#8221;]<\/p>\n<h2>Vaka \u00c7al\u0131\u015fmas\u0131<\/h2>\n<h1><b>Bayam Jewelry<\/b><\/h1>\n<p>[\/et_pb_text][\/et_pb_column][\/et_pb_row][\/et_pb_section][et_pb_section fb_built=&#8221;1&#8243; _builder_version=&#8221;4.18.0&#8243; custom_padding=&#8221;80px|0px|80px|0px|true|false&#8221; bottom_divider_style=&#8221;waves2&#8243; bottom_divider_color=&#8221;RGBA(255,255,255,0)&#8221; bottom_divider_height=&#8221;457px&#8221; bottom_divider_repeat=&#8221;1x&#8221; bottom_divider_height_tablet=&#8221;220px&#8221; bottom_divider_height_phone=&#8221;160px&#8221; bottom_divider_height_last_edited=&#8221;on|phone&#8221; locked=&#8221;off&#8221; global_colors_info=&#8221;{}&#8221;][et_pb_row _builder_version=&#8221;4.18.0&#8243; width=&#8221;100%&#8221; global_colors_info=&#8221;{}&#8221;][et_pb_column type=&#8221;4_4&#8243; _builder_version=&#8221;4.16&#8243; custom_padding=&#8221;|||&#8221; global_colors_info=&#8221;{}&#8221; custom_padding__hover=&#8221;|||&#8221;][et_pb_text _builder_version=&#8221;4.18.0&#8243; text_font=&#8221;||||||||&#8221; text_font_size=&#8221;16px&#8221; text_line_height=&#8221;2em&#8221; ul_font=&#8221;||||||||&#8221; header_font=&#8221;||||||||&#8221; header_2_font=&#8221;Roboto|700|||||||&#8221; header_2_font_size=&#8221;45px&#8221; header_2_line_height=&#8221;1.2em&#8221; header_3_font=&#8221;||||||||&#8221; max_width=&#8221;100%&#8221; max_width_tablet=&#8221;100%&#8221; max_width_phone=&#8221;100%&#8221; max_width_last_edited=&#8221;on|phone&#8221; custom_margin=&#8221;||||false|false&#8221; custom_padding=&#8221;|||20px|false|false&#8221; header_2_font_size_tablet=&#8221;35px&#8221; header_2_font_size_phone=&#8221;28px&#8221; header_2_font_size_last_edited=&#8221;on|phone&#8221; global_colors_info=&#8221;{}&#8221;]<\/p>\n<h2>Giri\u015f<\/h2>\n<p>Dijital pazarlama ajans\u0131m\u0131z, ABD&#8217;nin \u00f6nde gelen m\u00fccevher markalar\u0131ndan Bayam Jewelry ile stratejik bir ortakl\u0131k kurarak online varl\u0131klar\u0131n\u0131 ve gelir ak\u0131\u015flar\u0131n\u0131 y\u00fckseltmek i\u00e7in d\u00f6n\u00fc\u015ft\u00fcr\u00fcc\u00fc bir yolculu\u011fa \u00e7\u0131kt\u0131. Bu vaka \u00e7al\u0131\u015fmas\u0131, i\u015fbirli\u011fine dayal\u0131 \u00e7abalar\u0131m\u0131zla elde edilen kayda de\u011fer ba\u015far\u0131ya \u0131\u015f\u0131k tutmakta, \u00e7evrimi\u00e7i g\u00f6r\u00fcn\u00fcrl\u00fck, marka te\u015fhiri ve gelirdeki \u00f6nemli art\u0131\u015f\u0131 vurgulayarak veriye dayal\u0131 pazarlama stratejilerinin etkinli\u011fini ortaya koymaktad\u0131r.<\/p>\n<h2>M\u00fc\u015fteri Profili<\/h2>\n<p>M\u00fc\u015fteri: Bayam Jewelry, ABD<\/p>\n<p>Zorluk: Dijital pazarlama stratejileri arac\u0131l\u0131\u011f\u0131yla \u00e7evrimi\u00e7i g\u00f6r\u00fcn\u00fcrl\u00fc\u011f\u00fc art\u0131rmak, marka g\u00f6r\u00fcn\u00fcrl\u00fc\u011f\u00fcn\u00fc y\u00fckseltmek ve geliri art\u0131rmak.<\/p>\n<h2>Yakla\u015f\u0131m\u0131m\u0131z<\/h2>\n<p><strong>Kapsaml\u0131 Pazar Analizi:<\/strong><\/p>\n<p>Kuyumculuk sekt\u00f6r\u00fcndeki f\u0131rsatlar\u0131 ve zorluklar\u0131 belirlemek i\u00e7in derinlemesine pazar ara\u015ft\u0131rmas\u0131 ve rekabet analizi yap\u0131ld\u0131.<\/p>\n<p><strong>Verilere Dayal\u0131 Strateji:<\/strong><\/p>\n<p>Organik trafi\u011fi optimize etmeye ve \u00fccretli reklam kanallar\u0131n\u0131 geli\u015ftirmeye odaklanan \u00f6zel bir dijital pazarlama stratejisi form\u00fcle etmek i\u00e7in veri analiti\u011finden yararlan\u0131ld\u0131.<\/p>\n<p><strong>Arama Motoru Optimizasyonu (SEO) ve \u0130\u00e7erik Optimizasyonu:<\/strong><\/p>\n<p>Arama motoru s\u0131ralamalar\u0131n\u0131 ve organik trafi\u011fi iyile\u015ftirmek i\u00e7in kapsaml\u0131 anahtar kelime ara\u015ft\u0131rmas\u0131 ve i\u00e7erik optimizasyonu dahil olmak \u00fczere g\u00fc\u00e7l\u00fc SEO teknikleri uyguland\u0131.<\/p>\n<p><strong>Hedefe Y\u00f6nelik Reklam Kampanyalar\u0131:<\/strong><\/p>\n<p>Yat\u0131r\u0131m getirisini en \u00fcst d\u00fczeye \u00e7\u0131karmay\u0131 ve geliri art\u0131rmay\u0131 ama\u00e7layan \u00e7e\u015fitli platformlarda y\u00fcksek hedefli \u00fccretli reklam kampanyalar\u0131 geli\u015ftirdi ve y\u00f6netti.<\/p>\n<h2>Sonu\u00e7lar<\/h2>\n<p><strong>\u00c7evrimi\u00e7i G\u00f6r\u00fcn\u00fcrl\u00fc\u011f\u00fc H\u0131zla Art\u0131rma:<\/strong><\/p>\n<p>Bayam Jewelry&#8217;nin organik trafi\u011fini art\u0131rd\u0131, \u00e7evrimi\u00e7i g\u00f6r\u00fcn\u00fcrl\u00fckte ve marka g\u00f6r\u00fcn\u00fcrl\u00fc\u011f\u00fcnde %1.300 art\u0131\u015f sa\u011flad\u0131.<\/p>\n<p><strong>Ola\u011fan\u00fcst\u00fc Gelir Art\u0131\u015f\u0131:<\/strong><\/p>\n<p>\u00dccretli reklam kanallar\u0131n\u0131 y\u00f6neterek ayl\u0131k gelirde \u015fa\u015f\u0131rt\u0131c\u0131 bir \u015fekilde 50 kat art\u0131\u015f sa\u011flad\u0131 ve veriye dayal\u0131 reklamc\u0131l\u0131\u011f\u0131n ola\u011fan\u00fcst\u00fc potansiyelini vurgulad\u0131.<\/p>\n<p><strong>Marka Otoritesi Olu\u015fturuldu:<\/strong><\/p>\n<p>\u0130\u00e7eri\u011fi optimize ederek ve stratejik reklamc\u0131l\u0131ktan yararlanarak Bayam Kuyumculuk, rekabet\u00e7i kuyumculuk sekt\u00f6r\u00fcnde \u00f6nemli bir oyuncu olarak ortaya \u00e7\u0131kt\u0131 ve marka otoritesini sa\u011flamla\u015ft\u0131rd\u0131.<\/p>\n<p>[\/et_pb_text][\/et_pb_column][\/et_pb_row][\/et_pb_section][et_pb_section fb_built=&#8221;1&#8243; custom_padding_last_edited=&#8221;on|desktop&#8221; prev_background_color=&#8221;#ffffff&#8221; admin_label=&#8221;Call to action&#8221; _builder_version=&#8221;4.26.0&#8243; parallax=&#8221;on&#8221; custom_padding=&#8221;10vw||7vw||false|false&#8221; custom_padding_tablet=&#8221;100px||100px||true&#8221; custom_padding_phone=&#8221;||||true&#8221; top_divider_style=&#8221;ramp2&#8243; top_divider_height=&#8221;250px&#8221; top_divider_flip=&#8221;vertical|horizontal&#8221; top_divider_height_tablet=&#8221;150px&#8221; top_divider_height_phone=&#8221;110px&#8221; top_divider_height_last_edited=&#8221;on|phone&#8221; hover_enabled=&#8221;0&#8243; saved_tabs=&#8221;all&#8221; global_colors_info=&#8221;{%22gcid-823a1efa-990f-4096-b23e-b1275ee18fd9%22:%91%22background_color%22%93}&#8221; background_color=&#8221;gcid-823a1efa-990f-4096-b23e-b1275ee18fd9&#8243; background_enable_image=&#8221;off&#8221; sticky_enabled=&#8221;0&#8243;][et_pb_row module_class=&#8221; et_pb_row_fullwidth&#8221; _builder_version=&#8221;4.16&#8243; width=&#8221;89%&#8221; width_tablet=&#8221;80%&#8221; width_phone=&#8221;80%&#8221; width_last_edited=&#8221;on|desktop&#8221; max_width=&#8221;89%&#8221; max_width_tablet=&#8221;80%&#8221; max_width_phone=&#8221;80%&#8221; max_width_last_edited=&#8221;on|desktop&#8221; custom_margin_phone=&#8221;|||&#8221; custom_margin_last_edited=&#8221;off|desktop&#8221; custom_padding=&#8221;|||&#8221; make_fullwidth=&#8221;on&#8221; global_colors_info=&#8221;{}&#8221;][et_pb_column type=&#8221;4_4&#8243; _builder_version=&#8221;4.16&#8243; custom_padding=&#8221;|||&#8221; global_colors_info=&#8221;{}&#8221; custom_padding__hover=&#8221;|||&#8221;][et_pb_text _builder_version=&#8221;4.26.0&#8243; text_font=&#8221;||||||||&#8221; header_font=&#8221;||||||||&#8221; header_2_font=&#8221;Roboto|700|||||||&#8221; header_2_font_size=&#8221;50px&#8221; header_2_line_height=&#8221;1.4em&#8221; header_3_font=&#8221;Roboto|700||on|||||&#8221; header_3_text_align=&#8221;center&#8221; header_3_text_color=&#8221;#ffffff&#8221; header_3_font_size=&#8221;24px&#8221; header_3_letter_spacing=&#8221;5px&#8221; header_3_line_height=&#8221;2em&#8221; text_orientation=&#8221;center&#8221; background_layout=&#8221;dark&#8221; max_width=&#8221;850px&#8221; module_alignment=&#8221;center&#8221; custom_margin=&#8221;|||&#8221; custom_padding=&#8221;|||&#8221; hover_enabled=&#8221;0&#8243; text_font_size_last_edited=&#8221;off|desktop&#8221; header_2_font_size_tablet=&#8221;40px&#8221; header_2_font_size_phone=&#8221;32px&#8221; header_2_font_size_last_edited=&#8221;on|desktop&#8221; header_3_font_size_tablet=&#8221;16px&#8221; header_3_font_size_phone=&#8221;14px&#8221; header_3_font_size_last_edited=&#8221;on|phone&#8221; global_colors_info=&#8221;{}&#8221; sticky_enabled=&#8221;0&#8243;]<\/p>\n<h3>Hayd\u0130 Ba\u015flayal\u0131m<\/h3>\n<h2>Ger\u00e7ek Bir De\u011fi\u015fim Yaratmaya Haz\u0131r m\u0131s\u0131n\u0131z? Bu \u015eeyi Birlikte \u0130n\u015fa Edelim!<\/h2>\n<p>[\/et_pb_text][et_pb_button button_text=&#8221;\u00dccrets\u0130z Dan\u0131\u015fmanl\u0131k Ayarlay\u0131n&#8221; button_alignment=&#8221;center&#8221; _builder_version=&#8221;4.26.0&#8243; custom_button=&#8221;on&#8221; button_text_size=&#8221;14px&#8221; button_text_color=&#8221;#FFFFFF&#8221; button_border_width=&#8221;0px&#8221; button_border_color=&#8221;rgba(0,0,0,0)&#8221; button_border_radius=&#8221;10px&#8221; button_letter_spacing=&#8221;5px&#8221; button_font=&#8221;|700||on|||||&#8221; background_layout=&#8221;dark&#8221; custom_margin=&#8221;|||&#8221; custom_padding=&#8221;18px|34px|18px|34px|true|true&#8221; hover_enabled=&#8221;0&#8243; button_letter_spacing_hover=&#8221;5.5px&#8221; global_colors_info=&#8221;{%22gcid-2ed7c22a-24f5-4845-874b-377aebaf3ffa%22:%91%22button_bg_color%22%93}&#8221; button_text_size__hover_enabled=&#8221;off&#8221; button_one_text_size__hover_enabled=&#8221;off&#8221; button_two_text_size__hover_enabled=&#8221;off&#8221; button_text_color__hover_enabled=&#8221;off&#8221; button_one_text_color__hover_enabled=&#8221;off&#8221; button_two_text_color__hover_enabled=&#8221;off&#8221; button_border_width__hover_enabled=&#8221;off&#8221; button_one_border_width__hover_enabled=&#8221;off&#8221; button_two_border_width__hover_enabled=&#8221;off&#8221; button_border_color__hover_enabled=&#8221;off&#8221; button_one_border_color__hover_enabled=&#8221;off&#8221; button_two_border_color__hover_enabled=&#8221;off&#8221; button_border_radius__hover_enabled=&#8221;off&#8221; button_one_border_radius__hover_enabled=&#8221;off&#8221; button_two_border_radius__hover_enabled=&#8221;off&#8221; button_letter_spacing__hover_enabled=&#8221;on&#8221; button_letter_spacing__hover=&#8221;5.5px&#8221; button_one_letter_spacing__hover_enabled=&#8221;off&#8221; button_two_letter_spacing__hover_enabled=&#8221;off&#8221; button_bg_color__hover_enabled=&#8221;off&#8221; button_one_bg_color__hover_enabled=&#8221;off&#8221; button_two_bg_color__hover_enabled=&#8221;off&#8221; button_bg_color=&#8221;gcid-2ed7c22a-24f5-4845-874b-377aebaf3ffa&#8221; button_bg_enable_color=&#8221;on&#8221; sticky_enabled=&#8221;0&#8243;][\/et_pb_button][\/et_pb_column][\/et_pb_row][\/et_pb_section]<\/p>\n","protected":false},"excerpt":{"rendered":"<p>Vaka \u00c7al\u0131\u015fmas\u0131 Bayam JewelryGiri\u015f Dijital pazarlama ajans\u0131m\u0131z, ABD&#8217;nin \u00f6nde gelen m\u00fccevher markalar\u0131ndan Bayam Jewelry ile stratejik bir ortakl\u0131k kurarak online varl\u0131klar\u0131n\u0131 ve gelir ak\u0131\u015flar\u0131n\u0131 y\u00fckseltmek i\u00e7in d\u00f6n\u00fc\u015ft\u00fcr\u00fcc\u00fc bir yolculu\u011fa \u00e7\u0131kt\u0131. Bu vaka \u00e7al\u0131\u015fmas\u0131, i\u015fbirli\u011fine dayal\u0131 \u00e7abalar\u0131m\u0131zla elde edilen kayda de\u011fer ba\u015far\u0131ya \u0131\u015f\u0131k tutmakta, \u00e7evrimi\u00e7i g\u00f6r\u00fcn\u00fcrl\u00fck, marka te\u015fhiri ve gelirdeki \u00f6nemli art\u0131\u015f\u0131 vurgulayarak veriye dayal\u0131 pazarlama [&hellip;]<\/p>\n","protected":false},"author":11,"featured_media":0,"parent":5102,"menu_order":0,"comment_status":"closed","ping_status":"closed","template":"","meta":{"_et_pb_use_builder":"on","_et_pb_old_content":"","_et_gb_content_width":"","footnotes":""},"class_list":["post-5631","page","type-page","status-publish","hentry"],"aioseo_notices":[],"_links":{"self":[{"href":"https:\/\/clickteller.com\/tr\/wp-json\/wp\/v2\/pages\/5631","targetHints":{"allow":["GET"]}}],"collection":[{"href":"https:\/\/clickteller.com\/tr\/wp-json\/wp\/v2\/pages"}],"about":[{"href":"https:\/\/clickteller.com\/tr\/wp-json\/wp\/v2\/types\/page"}],"author":[{"embeddable":true,"href":"https:\/\/clickteller.com\/tr\/wp-json\/wp\/v2\/users\/11"}],"replies":[{"embeddable":true,"href":"https:\/\/clickteller.com\/tr\/wp-json\/wp\/v2\/comments?post=5631"}],"version-history":[{"count":3,"href":"https:\/\/clickteller.com\/tr\/wp-json\/wp\/v2\/pages\/5631\/revisions"}],"predecessor-version":[{"id":5890,"href":"https:\/\/clickteller.com\/tr\/wp-json\/wp\/v2\/pages\/5631\/revisions\/5890"}],"up":[{"embeddable":true,"href":"https:\/\/clickteller.com\/tr\/wp-json\/wp\/v2\/pages\/5102"}],"wp:attachment":[{"href":"https:\/\/clickteller.com\/tr\/wp-json\/wp\/v2\/media?parent=5631"}],"curies":[{"name":"wp","href":"https:\/\/api.w.org\/{rel}","templated":true}]}}