{"id":5634,"date":"2023-10-04T05:58:00","date_gmt":"2023-10-04T05:58:00","guid":{"rendered":"https:\/\/clickteller.com\/vaka-calismalari\/ey-vaka-calismasi\/"},"modified":"2024-07-19T07:56:01","modified_gmt":"2024-07-19T07:56:01","slug":"ey-vaka-calismasi","status":"publish","type":"page","link":"https:\/\/clickteller.com\/tr\/vaka-calismalari\/ey-vaka-calismasi\/","title":{"rendered":"EY &#8211; Vaka \u00c7al\u0131\u015fmas\u0131"},"content":{"rendered":"<p>[et_pb_section fb_built=&#8221;1&#8243; custom_padding_last_edited=&#8221;on|desktop&#8221; next_background_color=&#8221;#ffffff&#8221; admin_label=&#8221;Header&#8221; _builder_version=&#8221;4.26.0&#8243; parallax=&#8221;on&#8221; custom_padding=&#8221;7vw||10vw||false|false&#8221; custom_padding_tablet=&#8221;100px||100px||true&#8221; custom_padding_phone=&#8221;||||true&#8221; bottom_divider_style=&#8221;ramp2&#8243; bottom_divider_height=&#8221;250px&#8221; bottom_divider_flip=&#8221;horizontal&#8221; bottom_divider_height_tablet=&#8221;150px&#8221; bottom_divider_height_phone=&#8221;110px&#8221; bottom_divider_height_last_edited=&#8221;on|phone&#8221; hover_enabled=&#8221;0&#8243; saved_tabs=&#8221;all&#8221; global_colors_info=&#8221;{%22gcid-823a1efa-990f-4096-b23e-b1275ee18fd9%22:%91%22background_color%22%93}&#8221; background_color=&#8221;gcid-823a1efa-990f-4096-b23e-b1275ee18fd9&#8243; background_enable_image=&#8221;off&#8221; sticky_enabled=&#8221;0&#8243;][et_pb_row _builder_version=&#8221;4.16&#8243; global_colors_info=&#8221;{}&#8221;][et_pb_column type=&#8221;4_4&#8243; _builder_version=&#8221;4.16&#8243; custom_padding=&#8221;|||&#8221; global_colors_info=&#8221;{}&#8221; custom_padding__hover=&#8221;|||&#8221;][et_pb_text _builder_version=&#8221;4.18.0&#8243; text_font=&#8221;Roboto||||||||&#8221; text_font_size=&#8221;16px&#8221; text_line_height=&#8221;1.8em&#8221; header_font=&#8221;Lato|700|||||||&#8221; header_text_align=&#8221;center&#8221; header_font_size=&#8221;80px&#8221; header_line_height=&#8221;1.2em&#8221; header_3_font=&#8221;Lato|700||on|||||&#8221; header_3_text_align=&#8221;center&#8221; header_3_text_color=&#8221;#ffffff&#8221; header_3_font_size=&#8221;24px&#8221; header_3_letter_spacing=&#8221;10px&#8221; header_3_line_height=&#8221;2em&#8221; text_orientation=&#8221;center&#8221; background_layout=&#8221;dark&#8221; module_alignment=&#8221;center&#8221; text_font_size_last_edited=&#8221;off|desktop&#8221; header_font_size_tablet=&#8221;40px&#8221; header_font_size_phone=&#8221;32px&#8221; header_font_size_last_edited=&#8221;on|phone&#8221; header_3_font_size_tablet=&#8221;16px&#8221; header_3_font_size_phone=&#8221;14px&#8221; header_3_font_size_last_edited=&#8221;on|phone&#8221; header_3_letter_spacing_tablet=&#8221;5px&#8221; header_3_letter_spacing_phone=&#8221;&#8221; header_3_letter_spacing_last_edited=&#8221;on|tablet&#8221; global_colors_info=&#8221;{}&#8221;]<\/p>\n<h2>Vaka \u00c7al\u0131\u015fmas\u0131<\/h2>\n<h1><b>Ernst &amp; Young<\/b><\/h1>\n<p>[\/et_pb_text][\/et_pb_column][\/et_pb_row][\/et_pb_section][et_pb_section fb_built=&#8221;1&#8243; _builder_version=&#8221;4.18.0&#8243; custom_padding=&#8221;80px|0px|80px|0px|true|false&#8221; bottom_divider_style=&#8221;waves2&#8243; bottom_divider_color=&#8221;RGBA(255,255,255,0)&#8221; bottom_divider_height=&#8221;457px&#8221; bottom_divider_repeat=&#8221;1x&#8221; bottom_divider_height_tablet=&#8221;220px&#8221; bottom_divider_height_phone=&#8221;160px&#8221; bottom_divider_height_last_edited=&#8221;on|phone&#8221; locked=&#8221;off&#8221; global_colors_info=&#8221;{}&#8221;][et_pb_row column_structure=&#8221;3_5,2_5&#8243; _builder_version=&#8221;4.18.0&#8243; global_colors_info=&#8221;{}&#8221;][et_pb_column type=&#8221;3_5&#8243; _builder_version=&#8221;4.16&#8243; custom_padding=&#8221;|||&#8221; global_colors_info=&#8221;{}&#8221; custom_padding__hover=&#8221;|||&#8221;][et_pb_text _builder_version=&#8221;4.18.0&#8243; text_font=&#8221;||||||||&#8221; text_font_size=&#8221;16px&#8221; text_line_height=&#8221;2em&#8221; ul_font=&#8221;||||||||&#8221; header_font=&#8221;||||||||&#8221; header_2_font=&#8221;Roboto|700|||||||&#8221; header_2_font_size=&#8221;45px&#8221; header_2_line_height=&#8221;1.2em&#8221; header_3_font=&#8221;||||||||&#8221; max_width=&#8221;100%&#8221; max_width_tablet=&#8221;100%&#8221; max_width_phone=&#8221;100%&#8221; max_width_last_edited=&#8221;on|desktop&#8221; custom_margin=&#8221;|-379px||||&#8221; custom_padding=&#8221;|||&#8221; header_2_font_size_tablet=&#8221;35px&#8221; header_2_font_size_phone=&#8221;28px&#8221; header_2_font_size_last_edited=&#8221;on|phone&#8221; global_colors_info=&#8221;{}&#8221;]<\/p>\n<h2>Giri\u015f:<\/h2>\n<p>ClickTeller olarak, d\u00fcnya pazar\u0131n\u0131n \u00f6nde gelen oyuncular\u0131ndan EY ile ortakl\u0131\u011f\u0131m\u0131z\u0131n ola\u011fan\u00fcst\u00fc yolculu\u011funu payla\u015fmaktan b\u00fcy\u00fck gurur duyuyoruz. EY ile i\u015fbirli\u011fimiz 2020 y\u0131l\u0131n\u0131n ba\u015flar\u0131nda ba\u015flad\u0131 ve her iki taraf i\u00e7in de d\u00f6n\u00fc\u015ft\u00fcr\u00fcc\u00fc bir deneyim oldu. Bu vaka \u00e7al\u0131\u015fmas\u0131, EY&#8217;ye sundu\u011fumuz ve online varl\u0131klar\u0131n\u0131 \u00f6nemli \u00f6l\u00e7\u00fcde geli\u015ftirmelerini sa\u011flayan ola\u011fan\u00fcst\u00fc dijital pazarlama hizmetlerine \u0131\u015f\u0131k tutuyor.<\/p>\n<h2>Zorluk:<\/h2>\n<p>EY ClickTeller ile ilk ileti\u015fime ge\u00e7ti\u011finde, organik web sitesi trafi\u011fi ayl\u0131k 20.000 ziyaret\u00e7i civar\u0131ndayd\u0131. Bu \u00f6nemli bir rakam olsa da, T\u00fcrkiye pazar\u0131nda EY hizmetleri i\u00e7in kullan\u0131lmayan bir potansiyel oldu\u011funu fark ettik. Ayr\u0131ca rakiplerin maa\u015f hesaplama ara\u00e7lar\u0131yla ilgili y\u00fcksek trafikli anahtar kelimelerden yararland\u0131\u011f\u0131n\u0131 ve arama hacimlerinin T\u00fcrkiye&#8217;de 1 milyon aramaya ula\u015ft\u0131\u011f\u0131n\u0131 fark ettik. EY&#8217;nin rekabet\u00e7i kalabilmek i\u00e7in stratejik bir deste\u011fe ihtiyac\u0131 oldu\u011fu anla\u015f\u0131ld\u0131.<\/p>\n<h2>Stratejimiz:<\/h2>\n<p>ClickTeller olarak bu zorlu g\u00f6reve kapsaml\u0131 ve sonu\u00e7 odakl\u0131 bir SEO stratejisi ile ba\u015flad\u0131k. Yakla\u015f\u0131m\u0131m\u0131z, EY&#8217;nin i\u015fi i\u00e7in en de\u011ferli ve alakal\u0131 anahtar kelimeleri belirlemek i\u00e7in derinlemesine anahtar kelime ara\u015ft\u0131rmas\u0131 ve optimizasyonu ile ba\u015flad\u0131. Daha sonra titiz bir sayfa i\u00e7i optimizasyon uygulayarak EY&#8217;nin web sitesinin yaln\u0131zca SEO gereksinimlerini kar\u015f\u0131lamakla kalmay\u0131p ayn\u0131 zamanda geli\u015fmi\u015f bir kullan\u0131c\u0131 deneyimi sunmas\u0131n\u0131 sa\u011flad\u0131k. Optimizasyon tekniklerimiz web sitesinin sayfa h\u0131z\u0131n\u0131 \u00f6nemli \u00f6l\u00e7\u00fcde art\u0131rarak hem SEO dostu hem de kullan\u0131c\u0131 dostu hale getirdi.<\/p>\n<h2>At\u0131l\u0131m:<\/h2>\n<p>Maa\u015f hesaplama ara\u00e7lar\u0131n\u0131n organik trafik kayna\u011f\u0131 olarak muazzam potansiyelini fark eden ClickTeller cesur bir ad\u0131m att\u0131. EY&#8217;nin web sitesine sorunsuz bir \u015fekilde entegre olan yenilik\u00e7i bir maa\u015f hesaplama arac\u0131 olu\u015fturmak i\u00e7in EY&#8217;nin \u015firket i\u00e7i geli\u015ftirme ekibiyle yak\u0131n bir \u015fekilde \u00e7al\u0131\u015ft\u0131k. EY, arac\u0131 kullanmaya ba\u015flad\u0131ktan sonraki ilk ay i\u00e7inde organik trafikte %15 oran\u0131nda kayda de\u011fer bir art\u0131\u015f ya\u015fad\u0131.<\/p>\n<h2>Sonu\u00e7lar:<\/h2>\n<p>ClickTeller taraf\u0131ndan ba\u015flat\u0131lan olumlu ivme b\u00fcy\u00fcmeye ve geli\u015fmeye devam etti. EY&#8217;nin organik trafi\u011finin 20.000&#8217;den ayl\u0131k 480.000 gibi etkileyici bir ziyaret\u00e7i say\u0131s\u0131na ula\u015fmas\u0131, stratejik vizyonumuzun ve uygulamam\u0131z\u0131n bir kan\u0131t\u0131d\u0131r. Dikkat \u00e7ekici bir \u015fekilde, EY&#8217;nin \u015fu anda s\u0131ralamada yer ald\u0131\u011f\u0131 anahtar kelime say\u0131s\u0131 10.000&#8217;den \u015fa\u015f\u0131rt\u0131c\u0131 bir \u015fekilde 40.000&#8217;e y\u00fckseldi ve T\u00fcrkiye pazar\u0131ndaki hakimiyetini sa\u011flamla\u015ft\u0131rd\u0131. Bu d\u00f6n\u00fc\u015f\u00fcm, EY&#8217;nin \u00e7evrimi\u00e7i varl\u0131\u011f\u0131n\u0131 y\u00fckseltmekle kalmad\u0131, ayn\u0131 zamanda onlar\u0131 sekt\u00f6rlerinde tart\u0131\u015fmas\u0131z liderler olarak konumland\u0131rd\u0131.<\/p>\n<h2>Sonu\u00e7:<\/h2>\n<p>ClickTeller olarak EY ile ortakl\u0131\u011f\u0131m\u0131z, stratejik dijital pazarlaman\u0131n neler ba\u015farabilece\u011finin parlak bir \u00f6rne\u011fidir. Sars\u0131lmaz ba\u011fl\u0131l\u0131\u011f\u0131m\u0131z, sekt\u00f6r uzmanl\u0131\u011f\u0131m\u0131z ve yenilik\u00e7i yakla\u015f\u0131m\u0131m\u0131z yaln\u0131zca organik trafi\u011fi art\u0131rmakla kalmad\u0131, ayn\u0131 zamanda EY&#8217;nin i\u015f b\u00fcy\u00fcmesi i\u00e7in yeni yollar\u0131n kilidini a\u00e7t\u0131. Maa\u015f hesaplama arac\u0131n\u0131n geli\u015ftirilmesi, oyunun kurallar\u0131n\u0131 de\u011fi\u015ftiren bir hamleydi ve \u00f6nemli getiriler sa\u011flamaya devam ediyor.<\/p>\n<p>[\/et_pb_text][\/et_pb_column][et_pb_column type=&#8221;2_5&#8243; _builder_version=&#8221;4.16&#8243; custom_padding=&#8221;|||&#8221; global_colors_info=&#8221;{}&#8221; custom_padding__hover=&#8221;|||&#8221;][et_pb_image src=&#8221;https:\/\/clickteller.com\/wp-content\/uploads\/2023\/10\/EY-SEO-Success-jpg.webp&#8221; title_text=&#8221;EY SEO Ba\u015far\u0131s\u0131&#8221; _builder_version=&#8221;4.18.0&#8243; _module_preset=&#8221;default&#8221; global_colors_info=&#8221;{}&#8221;][\/et_pb_image][\/et_pb_column][\/et_pb_row][\/et_pb_section][et_pb_section fb_built=&#8221;1&#8243; custom_padding_last_edited=&#8221;on|desktop&#8221; prev_background_color=&#8221;#ffffff&#8221; admin_label=&#8221;Call to action&#8221; _builder_version=&#8221;4.26.0&#8243; parallax=&#8221;on&#8221; custom_padding=&#8221;10vw||7vw||false|false&#8221; custom_padding_tablet=&#8221;100px||100px||true&#8221; custom_padding_phone=&#8221;||||true&#8221; top_divider_style=&#8221;ramp2&#8243; top_divider_height=&#8221;250px&#8221; top_divider_flip=&#8221;vertical|horizontal&#8221; top_divider_height_tablet=&#8221;150px&#8221; top_divider_height_phone=&#8221;110px&#8221; top_divider_height_last_edited=&#8221;on|phone&#8221; hover_enabled=&#8221;0&#8243; saved_tabs=&#8221;all&#8221; global_colors_info=&#8221;{%22gcid-823a1efa-990f-4096-b23e-b1275ee18fd9%22:%91%22background_color%22%93}&#8221; background_color=&#8221;gcid-823a1efa-990f-4096-b23e-b1275ee18fd9&#8243; background_enable_image=&#8221;off&#8221; sticky_enabled=&#8221;0&#8243;][et_pb_row module_class=&#8221; et_pb_row_fullwidth&#8221; _builder_version=&#8221;4.16&#8243; width=&#8221;89%&#8221; width_tablet=&#8221;80%&#8221; width_phone=&#8221;80%&#8221; width_last_edited=&#8221;on|desktop&#8221; max_width=&#8221;89%&#8221; max_width_tablet=&#8221;80%&#8221; max_width_phone=&#8221;80%&#8221; max_width_last_edited=&#8221;on|desktop&#8221; custom_margin_phone=&#8221;|||&#8221; custom_margin_last_edited=&#8221;off|desktop&#8221; custom_padding=&#8221;|||&#8221; make_fullwidth=&#8221;on&#8221; global_colors_info=&#8221;{}&#8221;][et_pb_column type=&#8221;4_4&#8243; _builder_version=&#8221;4.16&#8243; custom_padding=&#8221;|||&#8221; global_colors_info=&#8221;{}&#8221; custom_padding__hover=&#8221;|||&#8221;][et_pb_text _builder_version=&#8221;4.16&#8243; text_font=&#8221;||||||||&#8221; header_font=&#8221;||||||||&#8221; header_2_font=&#8221;Roboto|700|||||||&#8221; header_2_font_size=&#8221;50px&#8221; header_2_line_height=&#8221;1.4em&#8221; header_3_font=&#8221;Roboto|700||on|||||&#8221; header_3_text_align=&#8221;center&#8221; header_3_text_color=&#8221;#ffffff&#8221; header_3_font_size=&#8221;24px&#8221; header_3_letter_spacing=&#8221;5px&#8221; header_3_line_height=&#8221;2em&#8221; text_orientation=&#8221;center&#8221; background_layout=&#8221;dark&#8221; max_width=&#8221;850px&#8221; module_alignment=&#8221;center&#8221; custom_margin=&#8221;|||&#8221; custom_padding=&#8221;|||&#8221; text_font_size_last_edited=&#8221;off|desktop&#8221; header_2_font_size_tablet=&#8221;40px&#8221; header_2_font_size_phone=&#8221;32px&#8221; header_2_font_size_last_edited=&#8221;on|desktop&#8221; header_3_font_size_tablet=&#8221;16px&#8221; header_3_font_size_phone=&#8221;14px&#8221; header_3_font_size_last_edited=&#8221;on|phone&#8221; global_colors_info=&#8221;{}&#8221;]<\/p>\n<h3>Hayd\u0130 Ba\u015flayal\u0131m<\/h3>\n<h2>Ger\u00e7ek Bir De\u011fi\u015fim Yaratmaya Haz\u0131r m\u0131s\u0131n\u0131z? Bu \u015eeyi Birlikte \u0130n\u015fa Edelim!<\/h2>\n<p>[\/et_pb_text][et_pb_button button_text=&#8221;\u00dccrets\u0130z Dan\u0131\u015fmanl\u0131k Ayarlay\u0131n&#8221; button_alignment=&#8221;center&#8221; _builder_version=&#8221;4.26.0&#8243; custom_button=&#8221;on&#8221; button_text_size=&#8221;14px&#8221; button_text_color=&#8221;#FFFFFF&#8221; button_border_width=&#8221;0px&#8221; button_border_color=&#8221;rgba(0,0,0,0)&#8221; button_border_radius=&#8221;10px&#8221; button_letter_spacing=&#8221;5px&#8221; button_font=&#8221;|700||on|||||&#8221; background_layout=&#8221;dark&#8221; custom_margin=&#8221;|||&#8221; custom_padding=&#8221;18px|34px|18px|34px|true|true&#8221; hover_enabled=&#8221;0&#8243; button_letter_spacing_hover=&#8221;5.5px&#8221; global_colors_info=&#8221;{%22gcid-2ed7c22a-24f5-4845-874b-377aebaf3ffa%22:%91%22button_bg_color%22%93}&#8221; button_text_size__hover_enabled=&#8221;off&#8221; button_one_text_size__hover_enabled=&#8221;off&#8221; button_two_text_size__hover_enabled=&#8221;off&#8221; button_text_color__hover_enabled=&#8221;off&#8221; button_one_text_color__hover_enabled=&#8221;off&#8221; button_two_text_color__hover_enabled=&#8221;off&#8221; button_border_width__hover_enabled=&#8221;off&#8221; button_one_border_width__hover_enabled=&#8221;off&#8221; button_two_border_width__hover_enabled=&#8221;off&#8221; button_border_color__hover_enabled=&#8221;off&#8221; button_one_border_color__hover_enabled=&#8221;off&#8221; button_two_border_color__hover_enabled=&#8221;off&#8221; button_border_radius__hover_enabled=&#8221;off&#8221; button_one_border_radius__hover_enabled=&#8221;off&#8221; button_two_border_radius__hover_enabled=&#8221;off&#8221; button_letter_spacing__hover_enabled=&#8221;on&#8221; button_letter_spacing__hover=&#8221;5.5px&#8221; button_one_letter_spacing__hover_enabled=&#8221;off&#8221; button_two_letter_spacing__hover_enabled=&#8221;off&#8221; button_bg_color__hover_enabled=&#8221;off&#8221; button_one_bg_color__hover_enabled=&#8221;off&#8221; button_two_bg_color__hover_enabled=&#8221;off&#8221; button_bg_color=&#8221;gcid-2ed7c22a-24f5-4845-874b-377aebaf3ffa&#8221; button_bg_enable_color=&#8221;on&#8221; sticky_enabled=&#8221;0&#8243;][\/et_pb_button][\/et_pb_column][\/et_pb_row][\/et_pb_section]<\/p>\n","protected":false},"excerpt":{"rendered":"<p>Vaka \u00c7al\u0131\u015fmas\u0131 Ernst &amp; YoungGiri\u015f: ClickTeller olarak, d\u00fcnya pazar\u0131n\u0131n \u00f6nde gelen oyuncular\u0131ndan EY ile ortakl\u0131\u011f\u0131m\u0131z\u0131n ola\u011fan\u00fcst\u00fc yolculu\u011funu payla\u015fmaktan b\u00fcy\u00fck gurur duyuyoruz. EY ile i\u015fbirli\u011fimiz 2020 y\u0131l\u0131n\u0131n ba\u015flar\u0131nda ba\u015flad\u0131 ve her iki taraf i\u00e7in de d\u00f6n\u00fc\u015ft\u00fcr\u00fcc\u00fc bir deneyim oldu. Bu vaka \u00e7al\u0131\u015fmas\u0131, EY&#8217;ye sundu\u011fumuz ve online varl\u0131klar\u0131n\u0131 \u00f6nemli \u00f6l\u00e7\u00fcde geli\u015ftirmelerini sa\u011flayan ola\u011fan\u00fcst\u00fc dijital pazarlama hizmetlerine \u0131\u015f\u0131k [&hellip;]<\/p>\n","protected":false},"author":11,"featured_media":0,"parent":5102,"menu_order":0,"comment_status":"closed","ping_status":"closed","template":"","meta":{"_et_pb_use_builder":"on","_et_pb_old_content":"","_et_gb_content_width":"","footnotes":""},"class_list":["post-5634","page","type-page","status-publish","hentry"],"aioseo_notices":[],"_links":{"self":[{"href":"https:\/\/clickteller.com\/tr\/wp-json\/wp\/v2\/pages\/5634","targetHints":{"allow":["GET"]}}],"collection":[{"href":"https:\/\/clickteller.com\/tr\/wp-json\/wp\/v2\/pages"}],"about":[{"href":"https:\/\/clickteller.com\/tr\/wp-json\/wp\/v2\/types\/page"}],"author":[{"embeddable":true,"href":"https:\/\/clickteller.com\/tr\/wp-json\/wp\/v2\/users\/11"}],"replies":[{"embeddable":true,"href":"https:\/\/clickteller.com\/tr\/wp-json\/wp\/v2\/comments?post=5634"}],"version-history":[{"count":3,"href":"https:\/\/clickteller.com\/tr\/wp-json\/wp\/v2\/pages\/5634\/revisions"}],"predecessor-version":[{"id":5887,"href":"https:\/\/clickteller.com\/tr\/wp-json\/wp\/v2\/pages\/5634\/revisions\/5887"}],"up":[{"embeddable":true,"href":"https:\/\/clickteller.com\/tr\/wp-json\/wp\/v2\/pages\/5102"}],"wp:attachment":[{"href":"https:\/\/clickteller.com\/tr\/wp-json\/wp\/v2\/media?parent=5634"}],"curies":[{"name":"wp","href":"https:\/\/api.w.org\/{rel}","templated":true}]}}