{"id":5637,"date":"2023-10-11T08:58:52","date_gmt":"2023-10-11T08:58:52","guid":{"rendered":"https:\/\/clickteller.com\/vaka-calismalari\/nusr-et-vaka-calismasi\/"},"modified":"2024-07-19T07:59:19","modified_gmt":"2024-07-19T07:59:19","slug":"nusr-et-vaka-calismasi","status":"publish","type":"page","link":"https:\/\/clickteller.com\/tr\/vaka-calismalari\/nusr-et-vaka-calismasi\/","title":{"rendered":"Nusr-Et &#8211; Vaka \u00c7al\u0131\u015fmas\u0131"},"content":{"rendered":"<p>[et_pb_section fb_built=&#8221;1&#8243; custom_padding_last_edited=&#8221;on|desktop&#8221; next_background_color=&#8221;#ffffff&#8221; admin_label=&#8221;Header&#8221; _builder_version=&#8221;4.26.0&#8243; parallax=&#8221;on&#8221; custom_padding=&#8221;7vw||10vw||false|false&#8221; custom_padding_tablet=&#8221;100px||100px||true&#8221; custom_padding_phone=&#8221;||||true&#8221; bottom_divider_style=&#8221;ramp2&#8243; bottom_divider_height=&#8221;250px&#8221; bottom_divider_flip=&#8221;horizontal&#8221; bottom_divider_height_tablet=&#8221;150px&#8221; bottom_divider_height_phone=&#8221;110px&#8221; bottom_divider_height_last_edited=&#8221;on|phone&#8221; hover_enabled=&#8221;0&#8243; saved_tabs=&#8221;all&#8221; global_colors_info=&#8221;{%22gcid-823a1efa-990f-4096-b23e-b1275ee18fd9%22:%91%22background_color%22%93}&#8221; background_color=&#8221;gcid-823a1efa-990f-4096-b23e-b1275ee18fd9&#8243; background_enable_image=&#8221;off&#8221; sticky_enabled=&#8221;0&#8243;][et_pb_row _builder_version=&#8221;4.16&#8243; global_colors_info=&#8221;{}&#8221;][et_pb_column type=&#8221;4_4&#8243; _builder_version=&#8221;4.16&#8243; custom_padding=&#8221;|||&#8221; global_colors_info=&#8221;{}&#8221; custom_padding__hover=&#8221;|||&#8221;][et_pb_text _builder_version=&#8221;4.18.0&#8243; text_font=&#8221;Roboto||||||||&#8221; text_font_size=&#8221;16px&#8221; text_line_height=&#8221;1.8em&#8221; header_font=&#8221;Lato|700|||||||&#8221; header_text_align=&#8221;center&#8221; header_font_size=&#8221;80px&#8221; header_line_height=&#8221;1.2em&#8221; header_3_font=&#8221;Lato|700||on|||||&#8221; header_3_text_align=&#8221;center&#8221; header_3_text_color=&#8221;#ffffff&#8221; header_3_font_size=&#8221;24px&#8221; header_3_letter_spacing=&#8221;10px&#8221; header_3_line_height=&#8221;2em&#8221; text_orientation=&#8221;center&#8221; background_layout=&#8221;dark&#8221; module_alignment=&#8221;center&#8221; text_font_size_last_edited=&#8221;off|desktop&#8221; header_font_size_tablet=&#8221;40px&#8221; header_font_size_phone=&#8221;32px&#8221; header_font_size_last_edited=&#8221;on|phone&#8221; header_3_font_size_tablet=&#8221;16px&#8221; header_3_font_size_phone=&#8221;14px&#8221; header_3_font_size_last_edited=&#8221;on|phone&#8221; header_3_letter_spacing_tablet=&#8221;5px&#8221; header_3_letter_spacing_phone=&#8221;&#8221; header_3_letter_spacing_last_edited=&#8221;on|tablet&#8221; global_colors_info=&#8221;{}&#8221;]<\/p>\n<h2>Vaka \u00c7al\u0131\u015fmas\u0131<\/h2>\n<h1><b>Nusr-Et<\/b><\/h1>\n<p>[\/et_pb_text][\/et_pb_column][\/et_pb_row][\/et_pb_section][et_pb_section fb_built=&#8221;1&#8243; _builder_version=&#8221;4.18.0&#8243; custom_padding=&#8221;80px|0px|80px|0px|true|false&#8221; bottom_divider_style=&#8221;waves2&#8243; bottom_divider_color=&#8221;RGBA(255,255,255,0)&#8221; bottom_divider_height=&#8221;457px&#8221; bottom_divider_repeat=&#8221;1x&#8221; bottom_divider_height_tablet=&#8221;220px&#8221; bottom_divider_height_phone=&#8221;160px&#8221; bottom_divider_height_last_edited=&#8221;on|phone&#8221; locked=&#8221;off&#8221; global_colors_info=&#8221;{}&#8221;][et_pb_row column_structure=&#8221;3_5,2_5&#8243; _builder_version=&#8221;4.18.0&#8243; global_colors_info=&#8221;{}&#8221;][et_pb_column type=&#8221;3_5&#8243; _builder_version=&#8221;4.16&#8243; custom_padding=&#8221;|||&#8221; global_colors_info=&#8221;{}&#8221; custom_padding__hover=&#8221;|||&#8221;][et_pb_text _builder_version=&#8221;4.18.0&#8243; text_font=&#8221;||||||||&#8221; text_font_size=&#8221;16px&#8221; text_line_height=&#8221;2em&#8221; ul_font=&#8221;||||||||&#8221; header_font=&#8221;||||||||&#8221; header_2_font=&#8221;Roboto|700|||||||&#8221; header_2_font_size=&#8221;45px&#8221; header_2_line_height=&#8221;1.2em&#8221; header_3_font=&#8221;||||||||&#8221; max_width=&#8221;100%&#8221; max_width_tablet=&#8221;100%&#8221; max_width_phone=&#8221;100%&#8221; max_width_last_edited=&#8221;on|phone&#8221; custom_margin=&#8221;|-379px||||&#8221; custom_padding=&#8221;|||&#8221; header_2_font_size_tablet=&#8221;35px&#8221; header_2_font_size_phone=&#8221;28px&#8221; header_2_font_size_last_edited=&#8221;on|phone&#8221; global_colors_info=&#8221;{}&#8221;]<\/p>\n<h2>Giri\u015f<\/h2>\n<p>Dijital pazarlama ajans\u0131m\u0131z, Nusr-Et Steakhouse ile dinamik bir ortakl\u0131k kurarak, restoran zincirinin ABD&#8217;deki \u015fubeleri i\u00e7in \u00f6zel olarak tasarlanm\u0131\u015f kapsaml\u0131 bir online pazarlama kampanyas\u0131 d\u00fczenledi. Sosyal medya platformlar\u0131n\u0131 denetleyerek, stratejik \u00fccretli reklam kampanyalar\u0131n\u0131 y\u00f6neterek ve kullan\u0131c\u0131 merkezli bir web sitesi geli\u015ftirerek Nusr-Et&#8217;in \u00e7evrimi\u00e7i varl\u0131\u011f\u0131n\u0131 yeniden tan\u0131mlad\u0131k. Bu vaka \u00e7al\u0131\u015fmas\u0131, ba\u015far\u0131l\u0131 i\u015fbirli\u011fimize \u0131\u015f\u0131k tutarak marka g\u00f6r\u00fcn\u00fcrl\u00fc\u011f\u00fc, kitle kat\u0131l\u0131m\u0131 ve rezervasyonlardaki \u00f6nemli b\u00fcy\u00fcmeyi vurguluyor ve hedeflenen dijital pazarlama stratejilerinin d\u00f6n\u00fc\u015ft\u00fcr\u00fcc\u00fc etkisinin alt\u0131n\u0131 \u00e7iziyor.<\/p>\n<h2>M\u00fc\u015fteri Profili<\/h2>\n<p>M\u00fc\u015fteri: Nusr-Et Steakhouse, ABD<\/p>\n<p>Zorluk: Dijital pazarlama \u00e7al\u0131\u015fmalar\u0131yla \u00e7evrimi\u00e7i g\u00f6r\u00fcn\u00fcrl\u00fc\u011f\u00fc art\u0131rmak, marka bilinirli\u011fini art\u0131rmak ve rezervasyonlar\u0131 y\u00f6nlendirmek.<\/p>\n<h2>Yakla\u015f\u0131m\u0131m\u0131z<\/h2>\n<p>Sosyal Medya Y\u00f6netimi:<\/p>\n<p>Nusr-Et&#8217;in eri\u015fimini geni\u015fletmek i\u00e7in stratejik i\u00e7erik olu\u015fturma ve etkile\u015fim tekniklerini kullanarak Instagram, TikTok ve YouTube dahil olmak \u00fczere sosyal medya hesaplar\u0131n\u0131 y\u00f6netti.<\/p>\n<p>\u00dccretli Reklam Kampanyalar\u0131:<\/p>\n<p>Yeni m\u00fc\u015fterileri \u00e7ekmek ve trafi\u011fi yeni geli\u015ftirilen web sitesine y\u00f6nlendirmek i\u00e7in hedefli \u00fccretli reklam kampanyalar\u0131 tasarlad\u0131 ve y\u00fcr\u00fctt\u00fc.<\/p>\n<p>Web Sitesi Tasar\u0131m\u0131 ve Geli\u015ftirilmesi:<\/p>\n<p>SEO i\u00e7in optimize edilmi\u015f, arama motorlar\u0131nda maksimum ke\u015ffedilebilirlik sa\u011flayan ve ziyaret\u00e7ilere sorunsuz bir deneyim sunan \u015f\u0131k, kullan\u0131c\u0131 dostu bir web sitesi haz\u0131rland\u0131.<\/p>\n<h2>Sonu\u00e7lar<\/h2>\n<p>Sosyal Medyada Patlay\u0131c\u0131 B\u00fcy\u00fcme:<\/p>\n<p>Instagram&#8217;da ayl\u0131k 500.000 ve TikTok&#8217;ta 1 milyon kullan\u0131c\u0131ya ula\u015farak marka g\u00f6r\u00fcn\u00fcrl\u00fc\u011f\u00fcn\u00fc \u00f6nemli \u00f6l\u00e7\u00fcde art\u0131rd\u0131 ve Nusr-Et Steakhouse&#8217;a daha geni\u015f bir kitle \u00e7ekti.<\/p>\n<h3>Artan Rezervasyonlar:<\/h3>\n<p>Rezervasyonlar\u0131n k\u0131sa s\u00fcrede iki kat\u0131na \u00e7\u0131kmas\u0131, dijital pazarlama kampanyas\u0131n\u0131n m\u00fc\u015fteri kat\u0131l\u0131m\u0131 ve d\u00f6n\u00fc\u015f\u00fcm\u00fcn\u00fc art\u0131rmadaki etkinli\u011fini g\u00f6sterdi.<\/p>\n<h3>\u015e\u0131k Web Sitesi ve Geli\u015fmi\u015f Ke\u015ffedilebilirlik:<\/h3>\n<p>Arama motorlar\u0131 i\u00e7in optimize edilmi\u015f, \u00e7evrimi\u00e7i g\u00f6r\u00fcn\u00fcrl\u00fc\u011f\u00fc art\u0131ran ve ziyaret\u00e7iler i\u00e7in kullan\u0131c\u0131 dostu bir aray\u00fcz sa\u011flayan, sonu\u00e7ta daha y\u00fcksek etkile\u015fim ve d\u00f6n\u00fc\u015f\u00fcmlere katk\u0131da bulunan b\u00fcy\u00fcleyici bir web sitesi sunuldu.<\/p>\n<h2>Sonu\u00e7<\/h2>\n<p>Nusr-Et Steakhouse ile i\u015fbirli\u011fimiz, restoran sekt\u00f6r\u00fcnde ki\u015fiye \u00f6zel dijital pazarlama stratejilerinin g\u00fcc\u00fcn\u00fcn parlak bir \u00f6rne\u011fi olarak duruyor. Stratejik sosyal medya y\u00f6netimi, hedefli \u00fccretli reklamc\u0131l\u0131k ve kusursuz bir \u015fekilde tasarlanm\u0131\u015f bir web sitesini birle\u015ftirerek, Nusr-Et&#8217;in \u00e7evrimi\u00e7i varl\u0131\u011f\u0131n\u0131 geli\u015ftirmekle kalmad\u0131k, ayn\u0131 zamanda rezervasyonlar\u0131 \u00f6nemli \u00f6l\u00e7\u00fcde art\u0131rarak i\u015f b\u00fcy\u00fcmesini sa\u011flad\u0131k.<\/p>\n<p>Bu vaka \u00e7al\u0131\u015fmas\u0131, ola\u011fan\u00fcst\u00fc sonu\u00e7lar sunma konusundaki kararl\u0131l\u0131\u011f\u0131m\u0131z\u0131n alt\u0131n\u0131 \u00e7izmekte ve dijital kanallardan etkili bir \u015fekilde yararlanman\u0131n d\u00f6n\u00fc\u015ft\u00fcr\u00fcc\u00fc etkisini vurgulamaktad\u0131r. Nusr-Et Steakhouse&#8217;un geli\u015fen ba\u015far\u0131 \u00f6yk\u00fcs\u00fcndeki rol\u00fcm\u00fczden gurur duyuyoruz ve \u00e7evrimi\u00e7i varl\u0131klar\u0131n\u0131 daha da y\u00fckseltmeye, s\u00fcrekli b\u00fcy\u00fcmeyi ve m\u00fc\u015fteri kat\u0131l\u0131m\u0131n\u0131 sa\u011flamaya kararl\u0131y\u0131z<\/p>\n<p>[\/et_pb_text][\/et_pb_column][et_pb_column type=&#8221;2_5&#8243; _builder_version=&#8221;4.16&#8243; custom_padding=&#8221;|||&#8221; global_colors_info=&#8221;{}&#8221; custom_padding__hover=&#8221;|||&#8221;][\/et_pb_column][\/et_pb_row][\/et_pb_section][et_pb_section fb_built=&#8221;1&#8243; custom_padding_last_edited=&#8221;on|desktop&#8221; prev_background_color=&#8221;#ffffff&#8221; admin_label=&#8221;Call to action&#8221; _builder_version=&#8221;4.26.0&#8243; parallax=&#8221;on&#8221; custom_padding=&#8221;10vw||7vw||false|false&#8221; custom_padding_tablet=&#8221;100px||100px||true&#8221; custom_padding_phone=&#8221;||||true&#8221; top_divider_style=&#8221;ramp2&#8243; top_divider_height=&#8221;250px&#8221; top_divider_flip=&#8221;vertical|horizontal&#8221; top_divider_height_tablet=&#8221;150px&#8221; top_divider_height_phone=&#8221;110px&#8221; top_divider_height_last_edited=&#8221;on|phone&#8221; hover_enabled=&#8221;0&#8243; saved_tabs=&#8221;all&#8221; global_colors_info=&#8221;{%22gcid-823a1efa-990f-4096-b23e-b1275ee18fd9%22:%91%22background_color%22%93}&#8221; background_color=&#8221;gcid-823a1efa-990f-4096-b23e-b1275ee18fd9&#8243; background_enable_image=&#8221;off&#8221; sticky_enabled=&#8221;0&#8243;][et_pb_row module_class=&#8221; et_pb_row_fullwidth&#8221; _builder_version=&#8221;4.16&#8243; width=&#8221;89%&#8221; width_tablet=&#8221;80%&#8221; width_phone=&#8221;80%&#8221; width_last_edited=&#8221;on|desktop&#8221; max_width=&#8221;89%&#8221; max_width_tablet=&#8221;80%&#8221; max_width_phone=&#8221;80%&#8221; max_width_last_edited=&#8221;on|desktop&#8221; custom_margin_phone=&#8221;|||&#8221; custom_margin_last_edited=&#8221;off|desktop&#8221; custom_padding=&#8221;|||&#8221; make_fullwidth=&#8221;on&#8221; global_colors_info=&#8221;{}&#8221;][et_pb_column type=&#8221;4_4&#8243; _builder_version=&#8221;4.16&#8243; custom_padding=&#8221;|||&#8221; global_colors_info=&#8221;{}&#8221; custom_padding__hover=&#8221;|||&#8221;][et_pb_text _builder_version=&#8221;4.16&#8243; text_font=&#8221;||||||||&#8221; header_font=&#8221;||||||||&#8221; header_2_font=&#8221;Roboto|700|||||||&#8221; header_2_font_size=&#8221;50px&#8221; header_2_line_height=&#8221;1.4em&#8221; header_3_font=&#8221;Roboto|700||on|||||&#8221; header_3_text_align=&#8221;center&#8221; header_3_text_color=&#8221;#ffffff&#8221; header_3_font_size=&#8221;24px&#8221; header_3_letter_spacing=&#8221;5px&#8221; header_3_line_height=&#8221;2em&#8221; text_orientation=&#8221;center&#8221; background_layout=&#8221;dark&#8221; max_width=&#8221;850px&#8221; module_alignment=&#8221;center&#8221; custom_margin=&#8221;|||&#8221; custom_padding=&#8221;|||&#8221; text_font_size_last_edited=&#8221;off|desktop&#8221; header_2_font_size_tablet=&#8221;40px&#8221; header_2_font_size_phone=&#8221;32px&#8221; header_2_font_size_last_edited=&#8221;on|desktop&#8221; header_3_font_size_tablet=&#8221;16px&#8221; header_3_font_size_phone=&#8221;14px&#8221; header_3_font_size_last_edited=&#8221;on|phone&#8221; global_colors_info=&#8221;{}&#8221;]<\/p>\n<h3>Hayd\u0130 Ba\u015flayal\u0131m<\/h3>\n<h2>Ger\u00e7ek Bir De\u011fi\u015fim Yaratmaya Haz\u0131r m\u0131s\u0131n\u0131z? Bu \u015eeyi Birlikte \u0130n\u015fa Edelim!<\/h2>\n<p>[\/et_pb_text][et_pb_button button_text=&#8221;\u00dccrets\u0130z Dan\u0131\u015fmanl\u0131k Ayarlay\u0131n&#8221; button_alignment=&#8221;center&#8221; _builder_version=&#8221;4.26.0&#8243; custom_button=&#8221;on&#8221; button_text_size=&#8221;14px&#8221; button_text_color=&#8221;#FFFFFF&#8221; button_border_width=&#8221;0px&#8221; button_border_color=&#8221;rgba(0,0,0,0)&#8221; button_border_radius=&#8221;10px&#8221; button_letter_spacing=&#8221;5px&#8221; button_font=&#8221;|700||on|||||&#8221; background_layout=&#8221;dark&#8221; custom_margin=&#8221;|||&#8221; custom_padding=&#8221;18px|34px|18px|34px|true|true&#8221; hover_enabled=&#8221;0&#8243; button_letter_spacing_hover=&#8221;5.5px&#8221; global_colors_info=&#8221;{%22gcid-2ed7c22a-24f5-4845-874b-377aebaf3ffa%22:%91%22button_bg_color%22%93}&#8221; button_text_size__hover_enabled=&#8221;off&#8221; button_one_text_size__hover_enabled=&#8221;off&#8221; button_two_text_size__hover_enabled=&#8221;off&#8221; button_text_color__hover_enabled=&#8221;off&#8221; button_one_text_color__hover_enabled=&#8221;off&#8221; button_two_text_color__hover_enabled=&#8221;off&#8221; button_border_width__hover_enabled=&#8221;off&#8221; button_one_border_width__hover_enabled=&#8221;off&#8221; button_two_border_width__hover_enabled=&#8221;off&#8221; button_border_color__hover_enabled=&#8221;off&#8221; button_one_border_color__hover_enabled=&#8221;off&#8221; button_two_border_color__hover_enabled=&#8221;off&#8221; button_border_radius__hover_enabled=&#8221;off&#8221; button_one_border_radius__hover_enabled=&#8221;off&#8221; button_two_border_radius__hover_enabled=&#8221;off&#8221; button_letter_spacing__hover_enabled=&#8221;on&#8221; button_letter_spacing__hover=&#8221;5.5px&#8221; button_one_letter_spacing__hover_enabled=&#8221;off&#8221; button_two_letter_spacing__hover_enabled=&#8221;off&#8221; button_bg_color__hover_enabled=&#8221;off&#8221; button_one_bg_color__hover_enabled=&#8221;off&#8221; button_two_bg_color__hover_enabled=&#8221;off&#8221; button_bg_color=&#8221;gcid-2ed7c22a-24f5-4845-874b-377aebaf3ffa&#8221; button_bg_enable_color=&#8221;on&#8221; sticky_enabled=&#8221;0&#8243;][\/et_pb_button][\/et_pb_column][\/et_pb_row][\/et_pb_section]<\/p>\n","protected":false},"excerpt":{"rendered":"<p>Vaka \u00c7al\u0131\u015fmas\u0131 Nusr-EtGiri\u015f Dijital pazarlama ajans\u0131m\u0131z, Nusr-Et Steakhouse ile dinamik bir ortakl\u0131k kurarak, restoran zincirinin ABD&#8217;deki \u015fubeleri i\u00e7in \u00f6zel olarak tasarlanm\u0131\u015f kapsaml\u0131 bir online pazarlama kampanyas\u0131 d\u00fczenledi. Sosyal medya platformlar\u0131n\u0131 denetleyerek, stratejik \u00fccretli reklam kampanyalar\u0131n\u0131 y\u00f6neterek ve kullan\u0131c\u0131 merkezli bir web sitesi geli\u015ftirerek Nusr-Et&#8217;in \u00e7evrimi\u00e7i varl\u0131\u011f\u0131n\u0131 yeniden tan\u0131mlad\u0131k. Bu vaka \u00e7al\u0131\u015fmas\u0131, ba\u015far\u0131l\u0131 i\u015fbirli\u011fimize \u0131\u015f\u0131k tutarak [&hellip;]<\/p>\n","protected":false},"author":11,"featured_media":0,"parent":5102,"menu_order":0,"comment_status":"closed","ping_status":"closed","template":"","meta":{"_et_pb_use_builder":"on","_et_pb_old_content":"","_et_gb_content_width":"","footnotes":""},"class_list":["post-5637","page","type-page","status-publish","hentry"],"aioseo_notices":[],"_links":{"self":[{"href":"https:\/\/clickteller.com\/tr\/wp-json\/wp\/v2\/pages\/5637","targetHints":{"allow":["GET"]}}],"collection":[{"href":"https:\/\/clickteller.com\/tr\/wp-json\/wp\/v2\/pages"}],"about":[{"href":"https:\/\/clickteller.com\/tr\/wp-json\/wp\/v2\/types\/page"}],"author":[{"embeddable":true,"href":"https:\/\/clickteller.com\/tr\/wp-json\/wp\/v2\/users\/11"}],"replies":[{"embeddable":true,"href":"https:\/\/clickteller.com\/tr\/wp-json\/wp\/v2\/comments?post=5637"}],"version-history":[{"count":3,"href":"https:\/\/clickteller.com\/tr\/wp-json\/wp\/v2\/pages\/5637\/revisions"}],"predecessor-version":[{"id":5889,"href":"https:\/\/clickteller.com\/tr\/wp-json\/wp\/v2\/pages\/5637\/revisions\/5889"}],"up":[{"embeddable":true,"href":"https:\/\/clickteller.com\/tr\/wp-json\/wp\/v2\/pages\/5102"}],"wp:attachment":[{"href":"https:\/\/clickteller.com\/tr\/wp-json\/wp\/v2\/media?parent=5637"}],"curies":[{"name":"wp","href":"https:\/\/api.w.org\/{rel}","templated":true}]}}