{"id":5640,"date":"2023-10-11T08:43:31","date_gmt":"2023-10-11T08:43:31","guid":{"rendered":"https:\/\/clickteller.com\/vaka-calismalari\/valorant-vaka-calismasi\/"},"modified":"2024-07-19T07:57:53","modified_gmt":"2024-07-19T07:57:53","slug":"valorant-vaka-calismasi","status":"publish","type":"page","link":"https:\/\/clickteller.com\/tr\/vaka-calismalari\/valorant-vaka-calismasi\/","title":{"rendered":"Valorant &#8211; Vaka \u00c7al\u0131\u015fmas\u0131"},"content":{"rendered":"<p>[et_pb_section fb_built=&#8221;1&#8243; custom_padding_last_edited=&#8221;on|desktop&#8221; next_background_color=&#8221;#ffffff&#8221; admin_label=&#8221;Header&#8221; _builder_version=&#8221;4.26.0&#8243; parallax=&#8221;on&#8221; custom_padding=&#8221;7vw||10vw||false|false&#8221; custom_padding_tablet=&#8221;100px||100px||true&#8221; custom_padding_phone=&#8221;||||true&#8221; bottom_divider_style=&#8221;ramp2&#8243; bottom_divider_height=&#8221;250px&#8221; bottom_divider_flip=&#8221;horizontal&#8221; bottom_divider_height_tablet=&#8221;150px&#8221; bottom_divider_height_phone=&#8221;110px&#8221; bottom_divider_height_last_edited=&#8221;on|phone&#8221; hover_enabled=&#8221;0&#8243; saved_tabs=&#8221;all&#8221; global_colors_info=&#8221;{%22gcid-823a1efa-990f-4096-b23e-b1275ee18fd9%22:%91%22background_color%22%93}&#8221; background_color=&#8221;gcid-823a1efa-990f-4096-b23e-b1275ee18fd9&#8243; background_enable_image=&#8221;off&#8221; sticky_enabled=&#8221;0&#8243;][et_pb_row _builder_version=&#8221;4.16&#8243; global_colors_info=&#8221;{}&#8221;][et_pb_column type=&#8221;4_4&#8243; _builder_version=&#8221;4.16&#8243; custom_padding=&#8221;|||&#8221; global_colors_info=&#8221;{}&#8221; custom_padding__hover=&#8221;|||&#8221;][et_pb_text _builder_version=&#8221;4.18.0&#8243; text_font=&#8221;Roboto||||||||&#8221; text_font_size=&#8221;16px&#8221; text_line_height=&#8221;1.8em&#8221; header_font=&#8221;Lato|700|||||||&#8221; header_text_align=&#8221;center&#8221; header_font_size=&#8221;80px&#8221; header_line_height=&#8221;1.2em&#8221; header_3_font=&#8221;Lato|700||on|||||&#8221; header_3_text_align=&#8221;center&#8221; header_3_text_color=&#8221;#ffffff&#8221; header_3_font_size=&#8221;24px&#8221; header_3_letter_spacing=&#8221;10px&#8221; header_3_line_height=&#8221;2em&#8221; text_orientation=&#8221;center&#8221; background_layout=&#8221;dark&#8221; module_alignment=&#8221;center&#8221; text_font_size_last_edited=&#8221;off|desktop&#8221; header_font_size_tablet=&#8221;40px&#8221; header_font_size_phone=&#8221;32px&#8221; header_font_size_last_edited=&#8221;on|phone&#8221; header_3_font_size_tablet=&#8221;16px&#8221; header_3_font_size_phone=&#8221;14px&#8221; header_3_font_size_last_edited=&#8221;on|phone&#8221; header_3_letter_spacing_tablet=&#8221;5px&#8221; header_3_letter_spacing_phone=&#8221;&#8221; header_3_letter_spacing_last_edited=&#8221;on|tablet&#8221; global_colors_info=&#8221;{}&#8221;]<\/p>\n<h2>Vaka \u00c7al\u0131\u015fmas\u0131<\/h2>\n<h1><b>Valorant<\/b><\/h1>\n<p>[\/et_pb_text][\/et_pb_column][\/et_pb_row][\/et_pb_section][et_pb_section fb_built=&#8221;1&#8243; _builder_version=&#8221;4.18.0&#8243; custom_padding=&#8221;80px|0px|80px|0px|true|false&#8221; bottom_divider_style=&#8221;waves2&#8243; bottom_divider_color=&#8221;RGBA(255,255,255,0)&#8221; bottom_divider_height=&#8221;457px&#8221; bottom_divider_repeat=&#8221;1x&#8221; bottom_divider_height_tablet=&#8221;220px&#8221; bottom_divider_height_phone=&#8221;160px&#8221; bottom_divider_height_last_edited=&#8221;on|phone&#8221; locked=&#8221;off&#8221; global_colors_info=&#8221;{}&#8221;][et_pb_row column_structure=&#8221;3_5,2_5&#8243; _builder_version=&#8221;4.18.0&#8243; global_colors_info=&#8221;{}&#8221;][et_pb_column type=&#8221;3_5&#8243; _builder_version=&#8221;4.16&#8243; custom_padding=&#8221;|||&#8221; global_colors_info=&#8221;{}&#8221; custom_padding__hover=&#8221;|||&#8221;][et_pb_text _builder_version=&#8221;4.18.0&#8243; text_font=&#8221;||||||||&#8221; text_font_size=&#8221;16px&#8221; text_line_height=&#8221;2em&#8221; ul_font=&#8221;||||||||&#8221; header_font=&#8221;||||||||&#8221; header_2_font=&#8221;Roboto|700|||||||&#8221; header_2_font_size=&#8221;45px&#8221; header_2_line_height=&#8221;1.2em&#8221; header_3_font=&#8221;||||||||&#8221; max_width=&#8221;100%&#8221; max_width_tablet=&#8221;100%&#8221; max_width_phone=&#8221;100%&#8221; max_width_last_edited=&#8221;on|phone&#8221; custom_margin=&#8221;|-379px||||&#8221; custom_padding=&#8221;|||&#8221; header_2_font_size_tablet=&#8221;35px&#8221; header_2_font_size_phone=&#8221;28px&#8221; header_2_font_size_last_edited=&#8221;on|phone&#8221; global_colors_info=&#8221;{}&#8221;]<\/p>\n<h2>Giri\u015f<\/h2>\n<p>Dijital pazarlaman\u0131n s\u00fcrekli geli\u015fen ortam\u0131nda, yenilik\u00e7ilik ve yarat\u0131c\u0131l\u0131k ba\u015far\u0131n\u0131n temel itici g\u00fc\u00e7leridir. Bu vaka \u00e7al\u0131\u015fmas\u0131, yaln\u0131zca kullan\u0131c\u0131lar\u0131n ilgisini \u00e7ekmekle kalmay\u0131p ayn\u0131 zamanda oyunun benimsenmesini, marka bilinirli\u011fini ve \u00e7a\u011fr\u0131\u015f\u0131m\u0131n\u0131 da \u00f6nemli \u00f6l\u00e7\u00fcde etkileyen yenilik\u00e7i bir reklam kampanyas\u0131 olan Valorant Dynamic End Card&#8217;\u0131n ola\u011fan\u00fcst\u00fc ba\u015far\u0131lar\u0131n\u0131 incelemektedir. \u0130nteraktif ve dinamik \u00f6zellikleriyle \u00f6ne \u00e7\u0131kan bu kampanya, yarat\u0131c\u0131 pazarlama stratejilerinin g\u00fcc\u00fcn\u00fc kan\u0131tlar nitelikte.<\/p>\n<h2>Arka plan<\/h2>\n<p>Pop\u00fcler bir \u00e7evrimi\u00e7i \u00e7ok oyunculu birinci \u015fah\u0131s ni\u015fanc\u0131 oyunu olan Valorant, kullan\u0131c\u0131 etkile\u015fimini art\u0131rmay\u0131 ve oyuncu taban\u0131n\u0131 geni\u015fletmeyi ama\u00e7l\u0131yordu. Bu hedeflere ula\u015fmak i\u00e7in Valorant, online pazarlama kampanyas\u0131 i\u00e7in interaktif bir son kart geli\u015ftirmek \u00fczere yarat\u0131c\u0131 bir reklam ajans\u0131yla i\u015fbirli\u011fi yapt\u0131.<\/p>\n<h2>Kampanya Stratejisi<\/h2>\n<p>Valorant Dynamic End Card, kullan\u0131c\u0131lar\u0131 aktif olarak kat\u0131lmaya te\u015fvik edecek \u015fekilde ilgi \u00e7ekici ve interaktif olarak tasarlanm\u0131\u015ft\u0131r. Son kart etkile\u015fimli \u00f6\u011feleri sorunsuz bir \u015fekilde entegre ederek kullan\u0131c\u0131lar\u0131 reklam deneyimini tamamlamaya ikna etti. Bu strateji yaln\u0131zca oyunu tan\u0131tmay\u0131 de\u011fil, ayn\u0131 zamanda ak\u0131lda kal\u0131c\u0131 ve s\u00fcr\u00fckleyici bir marka deneyimi yaratmay\u0131 da ama\u00e7l\u0131yordu.<\/p>\n<h2>Kampanya Sonu\u00e7lar\u0131<\/h2>\n<h3>Y\u00fcksek Kullan\u0131c\u0131 Etkile\u015fimi:<\/h3>\n<p>Valorant Dynamic End Card&#8217;a 2,36 milyondan fazla tekil kullan\u0131c\u0131 aktif olarak kat\u0131larak kampanyan\u0131n geni\u015f eri\u015fimini g\u00f6zler \u00f6n\u00fcne serdi.<br \/>Ola\u011fan\u00fcst\u00fc Etkile\u015fim Oran\u0131:<\/p>\n<p>Son kart %47,5 gibi etkileyici bir etkile\u015fim oran\u0131na sahipti ve %10&#8217;luk sekt\u00f6r \u00f6l\u00e7\u00fct\u00fcn\u00fc \u00f6nemli \u00f6l\u00e7\u00fcde a\u015ft\u0131. Bu y\u00fcksek etkile\u015fim oran\u0131, etkile\u015fimli unsurlar\u0131n kullan\u0131c\u0131lar\u0131n dikkatini \u00e7ekmedeki etkinli\u011fini g\u00f6stermi\u015ftir.<br \/>Oyunun Benimsenmesinde Art\u0131\u015f:<\/p>\n<p>Kampanya, indirme trendinde %7,7&#8217;lik bir art\u0131\u015fa yol a\u00e7arak oyunun benimsenmesinde \u00f6nemli bir y\u00fckseli\u015fe i\u015faret etti. Bu art\u0131\u015f, kampanyan\u0131n kullan\u0131c\u0131 etkile\u015fimini somut eyleme d\u00f6n\u00fc\u015ft\u00fcrme becerisinin alt\u0131n\u0131 \u00e7izdi.<br \/>Marka Bilinirli\u011finde Art\u0131\u015f:<\/p>\n<p>Valorant marka bilinirli\u011finde %58,7&#8217;lik kayda de\u011fer bir art\u0131\u015f ya\u015fad\u0131. Bu art\u0131\u015f, kampanyan\u0131n kullan\u0131c\u0131lar aras\u0131nda marka \u00e7a\u011fr\u0131\u015f\u0131m\u0131 yaratmadaki ba\u015far\u0131s\u0131n\u0131 vurgulayarak Valorant&#8217;\u0131n pazardaki g\u00f6r\u00fcn\u00fcrl\u00fc\u011f\u00fcn\u00fc art\u0131rd\u0131.<\/p>\n<h3>Rekor K\u0131ran Dernek B\u00fcy\u00fcmesi:<\/h3>\n<p>Valorant ile olan i\u015f birli\u011fimiz %36,6&#8217;l\u0131k benzeri g\u00f6r\u00fclmemi\u015f bir b\u00fcy\u00fcme kaydederek bug\u00fcne kadar kaydedilen en y\u00fcksek art\u0131\u015fa i\u015faret etti. Bu metrik, kampanyan\u0131n marka ile hedef kitlesi aras\u0131nda g\u00fc\u00e7l\u00fc ve olumlu bir ba\u011f kurma konusundaki etkinli\u011fini g\u00f6steriyordu.<\/p>\n<h2>Sonu\u00e7<\/h2>\n<p>Valorant Dynamic End Card kampanyas\u0131, dijital pazarlamada yarat\u0131c\u0131l\u0131\u011f\u0131n ve etkile\u015fimin g\u00fcc\u00fcn\u00fc \u00f6rnekliyor. Valorant, ilgi \u00e7ekici i\u00e7eri\u011fi interaktif unsurlarla birle\u015ftirerek kullan\u0131c\u0131lar\u0131n dikkatini \u00e7ekmekle kalmad\u0131, ayn\u0131 zamanda bu etkile\u015fimi somut sonu\u00e7lara d\u00f6n\u00fc\u015ft\u00fcrd\u00fc. Kampanyan\u0131n oyunun benimsenmesini \u00f6nemli \u00f6l\u00e7\u00fcde art\u0131rmas\u0131, marka bilinirli\u011fini art\u0131rmas\u0131 ve g\u00fc\u00e7l\u00fc bir marka \u00e7a\u011fr\u0131\u015f\u0131m\u0131 yaratmas\u0131, dijital \u00e7a\u011fda yenilik\u00e7i pazarlama stratejilerinin \u00f6neminin alt\u0131n\u0131 \u00e7iziyor. \u0130\u015fletmeler rekabet ortam\u0131nda yol almaya devam ederken, Valorant Dynamic End Card kampanyas\u0131 yarat\u0131c\u0131 ve interaktif pazarlaman\u0131n nas\u0131l benzersiz bir ba\u015far\u0131 sa\u011flayabilece\u011fine dair ilham verici bir \u00f6rnek te\u015fkil ediyor<\/p>\n<p>[\/et_pb_text][\/et_pb_column][et_pb_column type=&#8221;2_5&#8243; _builder_version=&#8221;4.16&#8243; custom_padding=&#8221;|||&#8221; global_colors_info=&#8221;{}&#8221; custom_padding__hover=&#8221;|||&#8221;][et_pb_image src=&#8221;https:\/\/clickteller.com\/wp-content\/uploads\/2023\/10\/Valorant-Ad-Success-jpg.webp&#8221; title_text=&#8221;Valorant Reklam Ba\u015far\u0131s\u0131&#8221; _builder_version=&#8221;4.18.0&#8243; _module_preset=&#8221;default&#8221; global_colors_info=&#8221;{}&#8221;][\/et_pb_image][\/et_pb_column][\/et_pb_row][\/et_pb_section][et_pb_section fb_built=&#8221;1&#8243; custom_padding_last_edited=&#8221;on|desktop&#8221; prev_background_color=&#8221;#ffffff&#8221; admin_label=&#8221;Call to action&#8221; _builder_version=&#8221;4.26.0&#8243; parallax=&#8221;on&#8221; custom_padding=&#8221;10vw||7vw||false|false&#8221; custom_padding_tablet=&#8221;100px||100px||true&#8221; custom_padding_phone=&#8221;||||true&#8221; top_divider_style=&#8221;ramp2&#8243; top_divider_height=&#8221;250px&#8221; top_divider_flip=&#8221;vertical|horizontal&#8221; top_divider_height_tablet=&#8221;150px&#8221; top_divider_height_phone=&#8221;110px&#8221; top_divider_height_last_edited=&#8221;on|phone&#8221; hover_enabled=&#8221;0&#8243; saved_tabs=&#8221;all&#8221; global_colors_info=&#8221;{%22gcid-823a1efa-990f-4096-b23e-b1275ee18fd9%22:%91%22background_color%22%93}&#8221; background_color=&#8221;gcid-823a1efa-990f-4096-b23e-b1275ee18fd9&#8243; background_enable_image=&#8221;off&#8221; sticky_enabled=&#8221;0&#8243;][et_pb_row module_class=&#8221; et_pb_row_fullwidth&#8221; _builder_version=&#8221;4.16&#8243; width=&#8221;89%&#8221; width_tablet=&#8221;80%&#8221; width_phone=&#8221;80%&#8221; width_last_edited=&#8221;on|desktop&#8221; max_width=&#8221;89%&#8221; max_width_tablet=&#8221;80%&#8221; max_width_phone=&#8221;80%&#8221; max_width_last_edited=&#8221;on|desktop&#8221; custom_margin_phone=&#8221;|||&#8221; custom_margin_last_edited=&#8221;off|desktop&#8221; custom_padding=&#8221;|||&#8221; make_fullwidth=&#8221;on&#8221; global_colors_info=&#8221;{}&#8221;][et_pb_column type=&#8221;4_4&#8243; _builder_version=&#8221;4.16&#8243; custom_padding=&#8221;|||&#8221; global_colors_info=&#8221;{}&#8221; custom_padding__hover=&#8221;|||&#8221;][et_pb_text _builder_version=&#8221;4.26.0&#8243; text_font=&#8221;||||||||&#8221; header_font=&#8221;||||||||&#8221; header_2_font=&#8221;Roboto|700|||||||&#8221; header_2_font_size=&#8221;50px&#8221; header_2_line_height=&#8221;1.4em&#8221; header_3_font=&#8221;Roboto|700||on|||||&#8221; header_3_text_align=&#8221;center&#8221; header_3_text_color=&#8221;#ffffff&#8221; header_3_font_size=&#8221;24px&#8221; header_3_letter_spacing=&#8221;5px&#8221; header_3_line_height=&#8221;2em&#8221; text_orientation=&#8221;center&#8221; background_layout=&#8221;dark&#8221; max_width=&#8221;850px&#8221; module_alignment=&#8221;center&#8221; custom_margin=&#8221;|||&#8221; custom_padding=&#8221;|||&#8221; hover_enabled=&#8221;0&#8243; text_font_size_last_edited=&#8221;off|desktop&#8221; header_2_font_size_tablet=&#8221;40px&#8221; header_2_font_size_phone=&#8221;32px&#8221; header_2_font_size_last_edited=&#8221;on|desktop&#8221; header_3_font_size_tablet=&#8221;16px&#8221; header_3_font_size_phone=&#8221;14px&#8221; header_3_font_size_last_edited=&#8221;on|phone&#8221; global_colors_info=&#8221;{}&#8221; sticky_enabled=&#8221;0&#8243;]<\/p>\n<h3>Hayd\u0130 Ba\u015flayal\u0131m<\/h3>\n<h2>Ger\u00e7ek Bir De\u011fi\u015fim Yaratmaya Haz\u0131r m\u0131s\u0131n\u0131z? Bu \u015eeyi Birlikte \u0130n\u015fa Edelim!<\/h2>\n<p>[\/et_pb_text][et_pb_button button_text=&#8221;\u00dccrets\u0130z Dan\u0131\u015fmanl\u0131k Ayarlay\u0131n&#8221; button_alignment=&#8221;center&#8221; _builder_version=&#8221;4.26.0&#8243; custom_button=&#8221;on&#8221; button_text_size=&#8221;14px&#8221; button_text_color=&#8221;#FFFFFF&#8221; button_border_width=&#8221;0px&#8221; button_border_color=&#8221;rgba(0,0,0,0)&#8221; button_border_radius=&#8221;4px&#8221; button_letter_spacing=&#8221;5px&#8221; button_font=&#8221;|700||on|||||&#8221; background_layout=&#8221;dark&#8221; custom_margin=&#8221;|||&#8221; custom_padding=&#8221;18px|34px|18px|34px|true|true&#8221; hover_enabled=&#8221;0&#8243; button_letter_spacing_hover=&#8221;5.5px&#8221; global_colors_info=&#8221;{%22gcid-2ed7c22a-24f5-4845-874b-377aebaf3ffa%22:%91%22button_bg_color%22%93}&#8221; button_text_size__hover_enabled=&#8221;off&#8221; button_one_text_size__hover_enabled=&#8221;off&#8221; button_two_text_size__hover_enabled=&#8221;off&#8221; button_text_color__hover_enabled=&#8221;off&#8221; button_one_text_color__hover_enabled=&#8221;off&#8221; button_two_text_color__hover_enabled=&#8221;off&#8221; button_border_width__hover_enabled=&#8221;off&#8221; button_one_border_width__hover_enabled=&#8221;off&#8221; button_two_border_width__hover_enabled=&#8221;off&#8221; button_border_color__hover_enabled=&#8221;off&#8221; button_one_border_color__hover_enabled=&#8221;off&#8221; button_two_border_color__hover_enabled=&#8221;off&#8221; button_border_radius__hover_enabled=&#8221;off&#8221; button_one_border_radius__hover_enabled=&#8221;off&#8221; button_two_border_radius__hover_enabled=&#8221;off&#8221; button_letter_spacing__hover_enabled=&#8221;on&#8221; button_letter_spacing__hover=&#8221;5.5px&#8221; button_one_letter_spacing__hover_enabled=&#8221;off&#8221; button_two_letter_spacing__hover_enabled=&#8221;off&#8221; button_bg_color__hover_enabled=&#8221;off&#8221; button_one_bg_color__hover_enabled=&#8221;off&#8221; button_two_bg_color__hover_enabled=&#8221;off&#8221; button_bg_color=&#8221;gcid-2ed7c22a-24f5-4845-874b-377aebaf3ffa&#8221; button_bg_enable_color=&#8221;on&#8221; sticky_enabled=&#8221;0&#8243;][\/et_pb_button][\/et_pb_column][\/et_pb_row][\/et_pb_section]<\/p>\n","protected":false},"excerpt":{"rendered":"<p>Vaka \u00c7al\u0131\u015fmas\u0131 ValorantGiri\u015f Dijital pazarlaman\u0131n s\u00fcrekli geli\u015fen ortam\u0131nda, yenilik\u00e7ilik ve yarat\u0131c\u0131l\u0131k ba\u015far\u0131n\u0131n temel itici g\u00fc\u00e7leridir. Bu vaka \u00e7al\u0131\u015fmas\u0131, yaln\u0131zca kullan\u0131c\u0131lar\u0131n ilgisini \u00e7ekmekle kalmay\u0131p ayn\u0131 zamanda oyunun benimsenmesini, marka bilinirli\u011fini ve \u00e7a\u011fr\u0131\u015f\u0131m\u0131n\u0131 da \u00f6nemli \u00f6l\u00e7\u00fcde etkileyen yenilik\u00e7i bir reklam kampanyas\u0131 olan Valorant Dynamic End Card&#8217;\u0131n ola\u011fan\u00fcst\u00fc ba\u015far\u0131lar\u0131n\u0131 incelemektedir. \u0130nteraktif ve dinamik \u00f6zellikleriyle \u00f6ne \u00e7\u0131kan bu kampanya, [&hellip;]<\/p>\n","protected":false},"author":11,"featured_media":0,"parent":5102,"menu_order":0,"comment_status":"closed","ping_status":"closed","template":"","meta":{"_et_pb_use_builder":"on","_et_pb_old_content":"","_et_gb_content_width":"","footnotes":""},"class_list":["post-5640","page","type-page","status-publish","hentry"],"aioseo_notices":[],"_links":{"self":[{"href":"https:\/\/clickteller.com\/tr\/wp-json\/wp\/v2\/pages\/5640","targetHints":{"allow":["GET"]}}],"collection":[{"href":"https:\/\/clickteller.com\/tr\/wp-json\/wp\/v2\/pages"}],"about":[{"href":"https:\/\/clickteller.com\/tr\/wp-json\/wp\/v2\/types\/page"}],"author":[{"embeddable":true,"href":"https:\/\/clickteller.com\/tr\/wp-json\/wp\/v2\/users\/11"}],"replies":[{"embeddable":true,"href":"https:\/\/clickteller.com\/tr\/wp-json\/wp\/v2\/comments?post=5640"}],"version-history":[{"count":3,"href":"https:\/\/clickteller.com\/tr\/wp-json\/wp\/v2\/pages\/5640\/revisions"}],"predecessor-version":[{"id":5888,"href":"https:\/\/clickteller.com\/tr\/wp-json\/wp\/v2\/pages\/5640\/revisions\/5888"}],"up":[{"embeddable":true,"href":"https:\/\/clickteller.com\/tr\/wp-json\/wp\/v2\/pages\/5102"}],"wp:attachment":[{"href":"https:\/\/clickteller.com\/tr\/wp-json\/wp\/v2\/media?parent=5640"}],"curies":[{"name":"wp","href":"https:\/\/api.w.org\/{rel}","templated":true}]}}